{"id":8401,"date":"2024-11-24T18:24:52","date_gmt":"2024-11-24T18:24:52","guid":{"rendered":"https:\/\/ms-alkoven.at\/?page_id=8401"},"modified":"2024-11-24T18:28:49","modified_gmt":"2024-11-24T18:28:49","slug":"8401-2","status":"publish","type":"page","link":"https:\/\/ms-alkoven.at\/?page_id=8401","title":{"rendered":""},"content":{"rendered":"<p><strong>7. Kooperationspartner<\/strong><\/p>\n<p>Um die praktische Umsetzung des neuen Schwerpunkts zu gew\u00e4hrleisten, arbeiten wir mit zahlreichen <strong>Kooperationspartnern und Expert*innen<\/strong> zusammen. Bei diesem praxisnahen Lernen k\u00f6nnen wertvolle Kontakte f\u00fcr die berufliche Zukunft gekn\u00fcpft werden. Zu den m\u00f6glichen Kooperationspartnern z\u00e4hlen Feuerwehr, Polizei, Rettung und Samariterbund, Institut Hartheim, Seniorenheim und Betreutes Wohnen, Kindergarten, Bauernschaft (u.a. Fam. Schobersberger), diverse Firmen, etc.<\/p>\n<p><a href=\"https:\/\/ms-alkoven.at\/?p=8271\">&#8230;zur \u00dcbersicht&#8230;<\/a><\/p>\n<p>&nbsp;<\/p>\n<p>&nbsp;<\/p>\n<p>&nbsp;<\/p>\n","protected":false},"excerpt":{"rendered":"<p>7. Kooperationspartner Um die praktische Umsetzung des neuen Schwerpunkts zu gew\u00e4hrleisten, arbeiten wir mit zahlreichen Kooperationspartnern und Expert*innen zusammen. Bei &hellip; <\/p>\n","protected":false},"author":1,"featured_media":0,"parent":0,"menu_order":0,"comment_status":"closed","ping_status":"closed","template":"elementor_header_footer","meta":{"footnotes":""},"class_list":["post-8401","page","type-page","status-publish","hentry"],"_links":{"self":[{"href":"https:\/\/ms-alkoven.at\/index.php?rest_route=\/wp\/v2\/pages\/8401","targetHints":{"allow":["GET"]}}],"collection":[{"href":"https:\/\/ms-alkoven.at\/index.php?rest_route=\/wp\/v2\/pages"}],"about":[{"href":"https:\/\/ms-alkoven.at\/index.php?rest_route=\/wp\/v2\/types\/page"}],"author":[{"embeddable":true,"href":"https:\/\/ms-alkoven.at\/index.php?rest_route=\/wp\/v2\/users\/1"}],"replies":[{"embeddable":true,"href":"https:\/\/ms-alkoven.at\/index.php?rest_route=%2Fwp%2Fv2%2Fcomments&post=8401"}],"version-history":[{"count":2,"href":"https:\/\/ms-alkoven.at\/index.php?rest_route=\/wp\/v2\/pages\/8401\/revisions"}],"predecessor-version":[{"id":8410,"href":"https:\/\/ms-alkoven.at\/index.php?rest_route=\/wp\/v2\/pages\/8401\/revisions\/8410"}],"wp:attachment":[{"href":"https:\/\/ms-alkoven.at\/index.php?rest_route=%2Fwp%2Fv2%2Fmedia&parent=8401"}],"curies":[{"name":"wp","href":"https:\/\/api.w.org\/{rel}","templated":true}]}}