{"id":8388,"date":"2024-11-24T15:25:46","date_gmt":"2024-11-24T15:25:46","guid":{"rendered":"https:\/\/ms-alkoven.at\/?page_id=8388"},"modified":"2024-11-24T15:30:20","modified_gmt":"2024-11-24T15:30:20","slug":"8388-2","status":"publish","type":"page","link":"https:\/\/ms-alkoven.at\/?page_id=8388","title":{"rendered":""},"content":{"rendered":"<p><strong>6. St\u00e4rkung der Pers\u00f6nlichkeit durch das PERMA-Modell<\/strong><\/p>\n<p>Das p\u00e4dagogische Konzept orientiert sich am **<strong>PERMA-Modell<\/strong>** von Martin Seligman, das f\u00fcnf zentrale Elemente umfasst:\u00a0<strong>Positive Emotionen, Engagement, Beziehungen, Sinnhaftigkeit und Zielerreichung.<\/strong>\u00a0Diese Grundpfeiler des Wohlbefindens flie\u00dfen in die t\u00e4gliche Arbeit der Schule ein und tragen zur F\u00f6rderung von Resilienz und Selbstbewusstsein der Lernenden bei.<\/p>\n<p><a href=\"https:\/\/ms-alkoven.at\/?p=8271\">&#8230;zur\u00fcck zur \u00dcbersicht&#8230;<\/a><\/p>\n<p>&nbsp;<\/p>\n<p>&nbsp;<\/p>\n<p>&nbsp;<\/p>\n<p>&nbsp;<\/p>\n<p>&nbsp;<\/p>\n","protected":false},"excerpt":{"rendered":"<p>6. St\u00e4rkung der Pers\u00f6nlichkeit durch das PERMA-Modell Das p\u00e4dagogische Konzept orientiert sich am **PERMA-Modell** von Martin Seligman, das f\u00fcnf zentrale &hellip; <\/p>\n","protected":false},"author":1,"featured_media":0,"parent":0,"menu_order":0,"comment_status":"closed","ping_status":"closed","template":"elementor_header_footer","meta":{"footnotes":""},"class_list":["post-8388","page","type-page","status-publish","hentry"],"_links":{"self":[{"href":"https:\/\/ms-alkoven.at\/index.php?rest_route=\/wp\/v2\/pages\/8388","targetHints":{"allow":["GET"]}}],"collection":[{"href":"https:\/\/ms-alkoven.at\/index.php?rest_route=\/wp\/v2\/pages"}],"about":[{"href":"https:\/\/ms-alkoven.at\/index.php?rest_route=\/wp\/v2\/types\/page"}],"author":[{"embeddable":true,"href":"https:\/\/ms-alkoven.at\/index.php?rest_route=\/wp\/v2\/users\/1"}],"replies":[{"embeddable":true,"href":"https:\/\/ms-alkoven.at\/index.php?rest_route=%2Fwp%2Fv2%2Fcomments&post=8388"}],"version-history":[{"count":4,"href":"https:\/\/ms-alkoven.at\/index.php?rest_route=\/wp\/v2\/pages\/8388\/revisions"}],"predecessor-version":[{"id":8396,"href":"https:\/\/ms-alkoven.at\/index.php?rest_route=\/wp\/v2\/pages\/8388\/revisions\/8396"}],"wp:attachment":[{"href":"https:\/\/ms-alkoven.at\/index.php?rest_route=%2Fwp%2Fv2%2Fmedia&parent=8388"}],"curies":[{"name":"wp","href":"https:\/\/api.w.org\/{rel}","templated":true}]}}