{"id":8367,"date":"2024-11-24T14:05:52","date_gmt":"2024-11-24T14:05:52","guid":{"rendered":"https:\/\/ms-alkoven.at\/?page_id=8367"},"modified":"2024-11-24T14:09:16","modified_gmt":"2024-11-24T14:09:16","slug":"8367-2","status":"publish","type":"page","link":"https:\/\/ms-alkoven.at\/?page_id=8367","title":{"rendered":""},"content":{"rendered":"<ol start=\"4\">\n<li><strong>Zertifizierte Ausbildung f\u00fcr Beruf und Alltag<\/strong> \u2013 Erwerb von <strong>Zertifikaten<\/strong>\u00a0<\/li>\n<\/ol>\n<p>In projektorientierten Unterrichtsstunden und der Kooperation mit Expert*innen k\u00f6nnen die Sch\u00fcler*innen verschiedene Zertifikate erwerben. Dazu geh\u00f6ren u.a. das <strong>Babysitterzertifikat<\/strong>, der <strong>Erste-Hilfe-Kurs, der Kindernotfallkurs sowie<\/strong> <strong>Schwimmauszeichnungen<\/strong>. Au\u00dferdem k\u00f6nnen die Sch\u00fcler*innen den <strong>ECDL-F\u00fchrerschein<\/strong>, das <strong>Social Skills Certificate (SSC<\/strong>), das <strong>Green Future Certificate (GFC) <\/strong>und den <strong>Unternehmerf\u00fchrerschein <\/strong>absolvieren.<\/p>\n<p><a href=\"https:\/\/ms-alkoven.at\/?p=8271\">&#8230;zur\u00fcck zur \u00dcbersicht&#8230;<\/a><\/p>\n<p>&nbsp;<\/p>\n<p>&nbsp;<\/p>\n<p>&nbsp;<\/p>\n<p>&nbsp;<\/p>\n<p>&nbsp;<\/p>\n","protected":false},"excerpt":{"rendered":"<p>Zertifizierte Ausbildung f\u00fcr Beruf und Alltag \u2013 Erwerb von Zertifikaten\u00a0 In projektorientierten Unterrichtsstunden und der Kooperation mit Expert*innen k\u00f6nnen die &hellip; <\/p>\n","protected":false},"author":1,"featured_media":0,"parent":0,"menu_order":0,"comment_status":"closed","ping_status":"closed","template":"elementor_header_footer","meta":{"footnotes":""},"class_list":["post-8367","page","type-page","status-publish","hentry"],"_links":{"self":[{"href":"https:\/\/ms-alkoven.at\/index.php?rest_route=\/wp\/v2\/pages\/8367","targetHints":{"allow":["GET"]}}],"collection":[{"href":"https:\/\/ms-alkoven.at\/index.php?rest_route=\/wp\/v2\/pages"}],"about":[{"href":"https:\/\/ms-alkoven.at\/index.php?rest_route=\/wp\/v2\/types\/page"}],"author":[{"embeddable":true,"href":"https:\/\/ms-alkoven.at\/index.php?rest_route=\/wp\/v2\/users\/1"}],"replies":[{"embeddable":true,"href":"https:\/\/ms-alkoven.at\/index.php?rest_route=%2Fwp%2Fv2%2Fcomments&post=8367"}],"version-history":[{"count":4,"href":"https:\/\/ms-alkoven.at\/index.php?rest_route=\/wp\/v2\/pages\/8367\/revisions"}],"predecessor-version":[{"id":8375,"href":"https:\/\/ms-alkoven.at\/index.php?rest_route=\/wp\/v2\/pages\/8367\/revisions\/8375"}],"wp:attachment":[{"href":"https:\/\/ms-alkoven.at\/index.php?rest_route=%2Fwp%2Fv2%2Fmedia&parent=8367"}],"curies":[{"name":"wp","href":"https:\/\/api.w.org\/{rel}","templated":true}]}}