{"id":8353,"date":"2024-11-24T13:53:17","date_gmt":"2024-11-24T13:53:17","guid":{"rendered":"https:\/\/ms-alkoven.at\/?page_id=8353"},"modified":"2024-11-24T13:58:42","modified_gmt":"2024-11-24T13:58:42","slug":"8353-2","status":"publish","type":"page","link":"https:\/\/ms-alkoven.at\/?page_id=8353","title":{"rendered":""},"content":{"rendered":"<p><strong>3. W\u00f6chentlicher Projekttag \u201eTU:ES:DAY\u201c und innovative Lernformate<\/strong><\/p>\n<p>Ein weiteres Highlight des neuen Konzepts ist der **TU:ES:DAY**. Jeden Dienstag erhalten die Sch\u00fcler*innen einen Vormittag lang die Gelegenheit, an eigenen Zukunftsprojekten zu arbeiten. \u201eDer TU:ES:DAY ist ein gesch\u00fctzter Freiraum, der den Sch\u00fcler*innen die M\u00f6glichkeit bietet, sich mit Fragen der Zukunft zu besch\u00e4ftigen und kreative L\u00f6sungsans\u00e4tze zu entwickeln,\u201c erkl\u00e4rt die Schulleitung.<\/p>\n<p><a href=\"https:\/\/ms-alkoven.at\/?p=8271\">&#8230;zur\u00fcck zur \u00dcbersicht&#8230;<\/a><\/p>\n<p>&nbsp;<\/p>\n<p>&nbsp;<\/p>\n<p>&nbsp;<\/p>\n<p>&nbsp;<\/p>\n<p>&nbsp;<\/p>\n<p>&nbsp;<\/p>\n","protected":false},"excerpt":{"rendered":"<p>3. W\u00f6chentlicher Projekttag \u201eTU:ES:DAY\u201c und innovative Lernformate Ein weiteres Highlight des neuen Konzepts ist der **TU:ES:DAY**. Jeden Dienstag erhalten die &hellip; <\/p>\n","protected":false},"author":1,"featured_media":0,"parent":0,"menu_order":0,"comment_status":"closed","ping_status":"closed","template":"elementor_header_footer","meta":{"footnotes":""},"class_list":["post-8353","page","type-page","status-publish","hentry"],"_links":{"self":[{"href":"https:\/\/ms-alkoven.at\/index.php?rest_route=\/wp\/v2\/pages\/8353","targetHints":{"allow":["GET"]}}],"collection":[{"href":"https:\/\/ms-alkoven.at\/index.php?rest_route=\/wp\/v2\/pages"}],"about":[{"href":"https:\/\/ms-alkoven.at\/index.php?rest_route=\/wp\/v2\/types\/page"}],"author":[{"embeddable":true,"href":"https:\/\/ms-alkoven.at\/index.php?rest_route=\/wp\/v2\/users\/1"}],"replies":[{"embeddable":true,"href":"https:\/\/ms-alkoven.at\/index.php?rest_route=%2Fwp%2Fv2%2Fcomments&post=8353"}],"version-history":[{"count":3,"href":"https:\/\/ms-alkoven.at\/index.php?rest_route=\/wp\/v2\/pages\/8353\/revisions"}],"predecessor-version":[{"id":8363,"href":"https:\/\/ms-alkoven.at\/index.php?rest_route=\/wp\/v2\/pages\/8353\/revisions\/8363"}],"wp:attachment":[{"href":"https:\/\/ms-alkoven.at\/index.php?rest_route=%2Fwp%2Fv2%2Fmedia&parent=8353"}],"curies":[{"name":"wp","href":"https:\/\/api.w.org\/{rel}","templated":true}]}}