{"id":8317,"date":"2024-11-24T13:37:35","date_gmt":"2024-11-24T13:37:35","guid":{"rendered":"https:\/\/ms-alkoven.at\/?page_id=8317"},"modified":"2024-11-24T14:04:36","modified_gmt":"2024-11-24T14:04:36","slug":"8317-2","status":"publish","type":"page","link":"https:\/\/ms-alkoven.at\/?page_id=8317","title":{"rendered":""},"content":{"rendered":"<p><strong>2. Praxisorientierter Unterricht mit \u201eProjektmanagement und Entrepreneurship\u201c<\/strong><\/p>\n<p>Bereits ab der 6. Schulstufe wird den Jugendlichen unternehmerisches Denken n\u00e4hergebracht. Im Fach **Projektmanagement \u2013 Entrepreneurship** lernen sie, Projekte selbstst\u00e4ndig zu planen und umzusetzen. Dazu geh\u00f6rt u.a. die Gr\u00fcndung einer Sch\u00fclerfirma, in der sie ihre Team- und Kommunikationsf\u00e4higkeiten st\u00e4rken und sich in F\u00fchrungstechniken, Organisation und Projektdurchf\u00fchrung \u00fcben. Zudem erlernen sie moderne Pr\u00e4sentations- und Kreativtechniken, die f\u00fcr eine erfolgreiche berufliche Zukunft entscheidend sind.<\/p>\n<p>&#8230;zur\u00fcck zur \u00dcbersicht&#8230;<\/p>\n<p>&nbsp;<\/p>\n<p>&nbsp;<\/p>\n<p>&nbsp;<\/p>\n<div id=\"style-btn-d0b6f15c-2666-88b0-adf1-3c03573ae388\">\n<style class=\"style-btn\">#btn-d0b6f15c-2666-88b0-adf1-3c03573ae388 {font-size: 14px;color: #ffffff;background: #0e83cd;padding-left: 12px;padding-top: 6px;padding-right: 12px;padding-bottom: 6px;border-radius: 0px;-moz-border-radius: 0px;-webkit-border-radius: 0px;border-color: #357ebd;border-width: 1px;} #btn-d0b6f15c-2666-88b0-adf1-3c03573ae388:hover {background: #1990f9;color: #ffffff;box-shadow: 3px 3px 3px 0px #bababa;-moz-box-shadow: 3px 3px 3px 0px #bababa;-webkit-box-shadow: 3px 3px 3px 0px #bababa;}<\/style>\n<\/div>\n","protected":false},"excerpt":{"rendered":"<p>2. Praxisorientierter Unterricht mit \u201eProjektmanagement und Entrepreneurship\u201c Bereits ab der 6. Schulstufe wird den Jugendlichen unternehmerisches Denken n\u00e4hergebracht. Im Fach &hellip; <\/p>\n","protected":false},"author":1,"featured_media":0,"parent":0,"menu_order":0,"comment_status":"closed","ping_status":"closed","template":"elementor_header_footer","meta":{"footnotes":""},"class_list":["post-8317","page","type-page","status-publish","hentry"],"_links":{"self":[{"href":"https:\/\/ms-alkoven.at\/index.php?rest_route=\/wp\/v2\/pages\/8317","targetHints":{"allow":["GET"]}}],"collection":[{"href":"https:\/\/ms-alkoven.at\/index.php?rest_route=\/wp\/v2\/pages"}],"about":[{"href":"https:\/\/ms-alkoven.at\/index.php?rest_route=\/wp\/v2\/types\/page"}],"author":[{"embeddable":true,"href":"https:\/\/ms-alkoven.at\/index.php?rest_route=\/wp\/v2\/users\/1"}],"replies":[{"embeddable":true,"href":"https:\/\/ms-alkoven.at\/index.php?rest_route=%2Fwp%2Fv2%2Fcomments&post=8317"}],"version-history":[{"count":7,"href":"https:\/\/ms-alkoven.at\/index.php?rest_route=\/wp\/v2\/pages\/8317\/revisions"}],"predecessor-version":[{"id":8366,"href":"https:\/\/ms-alkoven.at\/index.php?rest_route=\/wp\/v2\/pages\/8317\/revisions\/8366"}],"wp:attachment":[{"href":"https:\/\/ms-alkoven.at\/index.php?rest_route=%2Fwp%2Fv2%2Fmedia&parent=8317"}],"curies":[{"name":"wp","href":"https:\/\/api.w.org\/{rel}","templated":true}]}}