{"id":733,"date":"2021-01-10T17:52:50","date_gmt":"2021-01-10T17:52:50","guid":{"rendered":"https:\/\/ms-alkoven.at\/?page_id=733"},"modified":"2024-09-16T15:14:33","modified_gmt":"2024-09-16T15:14:33","slug":"schulleitung","status":"publish","type":"page","link":"https:\/\/ms-alkoven.at\/?page_id=733","title":{"rendered":"Schulleitung"},"content":{"rendered":"\t\t<div data-elementor-type=\"wp-page\" data-elementor-id=\"733\" class=\"elementor elementor-733\">\n\t\t\t\t\t\t<section class=\"elementor-section elementor-top-section elementor-element elementor-element-538f229e elementor-section-boxed elementor-section-height-default elementor-section-height-default\" data-id=\"538f229e\" data-element_type=\"section\">\n\t\t\t\t\t\t<div class=\"elementor-container elementor-column-gap-default\">\n\t\t\t\t\t<div class=\"elementor-column elementor-col-100 elementor-top-column elementor-element elementor-element-33d97255\" data-id=\"33d97255\" data-element_type=\"column\">\n\t\t\t<div class=\"elementor-widget-wrap elementor-element-populated\">\n\t\t\t\t\t\t<section class=\"elementor-section elementor-inner-section elementor-element elementor-element-6f392b7 elementor-section-boxed elementor-section-height-default elementor-section-height-default\" data-id=\"6f392b7\" data-element_type=\"section\">\n\t\t\t\t\t\t<div class=\"elementor-container elementor-column-gap-default\">\n\t\t\t\t\t<div class=\"elementor-column elementor-col-50 elementor-inner-column elementor-element elementor-element-97d181c\" data-id=\"97d181c\" data-element_type=\"column\">\n\t\t\t<div class=\"elementor-widget-wrap elementor-element-populated\">\n\t\t\t\t\t\t<div class=\"elementor-element elementor-element-e5c603c elementor-widget elementor-widget-image\" data-id=\"e5c603c\" data-element_type=\"widget\" data-widget_type=\"image.default\">\n\t\t\t\t<div class=\"elementor-widget-container\">\n\t\t\t\t\t\t\t\t\t\t\t\t\t\t\t<img fetchpriority=\"high\" decoding=\"async\" width=\"750\" height=\"902\" src=\"https:\/\/ms-alkoven.at\/wp-content\/uploads\/2021\/07\/schweitzer-851x1024.jpg\" class=\"attachment-large size-large wp-image-2335\" alt=\"\" srcset=\"https:\/\/ms-alkoven.at\/wp-content\/uploads\/2021\/07\/schweitzer-851x1024.jpg 851w, https:\/\/ms-alkoven.at\/wp-content\/uploads\/2021\/07\/schweitzer-249x300.jpg 249w, https:\/\/ms-alkoven.at\/wp-content\/uploads\/2021\/07\/schweitzer-768x924.jpg 768w, https:\/\/ms-alkoven.at\/wp-content\/uploads\/2021\/07\/schweitzer-1277x1536.jpg 1277w, https:\/\/ms-alkoven.at\/wp-content\/uploads\/2021\/07\/schweitzer-1703x2048.jpg 1703w\" sizes=\"(max-width: 750px) 100vw, 750px\" \/>\t\t\t\t\t\t\t\t\t\t\t\t\t\t\t<\/div>\n\t\t\t\t<\/div>\n\t\t\t\t\t<\/div>\n\t\t<\/div>\n\t\t\t\t<div class=\"elementor-column elementor-col-50 elementor-inner-column elementor-element elementor-element-69db7eb\" data-id=\"69db7eb\" data-element_type=\"column\">\n\t\t\t<div class=\"elementor-widget-wrap elementor-element-populated\">\n\t\t\t\t\t\t<div class=\"elementor-element elementor-element-bc3e36e elementor-widget elementor-widget-text-editor\" data-id=\"bc3e36e\" data-element_type=\"widget\" data-widget_type=\"text-editor.default\">\n\t\t\t\t<div class=\"elementor-widget-container\">\n\t\t\t\t\t\t\t\t\t<p><strong>Herzlich willkommen auf der Homepage unserer Schule!<\/strong><\/p>\n<p>\u00a0<\/p>\n<p>Als Schulleiterin freue ich mich, Sie auf unserer Website begr\u00fc\u00dfen zu d\u00fcrfen. Unsere Schule versteht sich als ein Ort des Lernens, der Gemeinschaft und der pers\u00f6nlichen Entwicklung. Wir legen gro\u00dfen Wert darauf, eine positive und unterst\u00fctzende Umgebung zu schaffen, in der sich jede Sch\u00fclerin und jeder Sch\u00fcler bestm\u00f6glich entfalten kann, um folglich f\u00fcr das Berufsleben oder weiterf\u00fchrende Schule gut ger\u00fcstet zu sein.<\/p>\n<p>Hier finden Sie alle wichtigen Informationen rund um unser vielf\u00e4ltiges Schulleben, und aktuelle Neuigkeiten.<\/p>\n<p>Gemeinsam mit meinem engagierten Team arbeiten wir t\u00e4glich daran, die Zukunft unserer Sch\u00fclerinnen und Sch\u00fcler aktiv und nachhaltig mitzugestalten.<\/p>\n<p>Ich lade Sie herzlich ein, unsere Schule n\u00e4her kennenzulernen!<\/p>\n<p>Mit freundlichen Gr\u00fc\u00dfen,<\/p>\n<p>\u00a0\u00a0\u00a0\u00a0\u00a0\u00a0\u00a0\u00a0\u00a0\u00a0\u00a0\u00a0\u00a0 Isabella Schweitzer<\/p>\t\t\t\t\t\t\t\t<\/div>\n\t\t\t\t<\/div>\n\t\t\t\t\t<\/div>\n\t\t<\/div>\n\t\t\t\t\t<\/div>\n\t\t<\/section>\n\t\t\t\t\t<\/div>\n\t\t<\/div>\n\t\t\t\t\t<\/div>\n\t\t<\/section>\n\t\t\t\t<\/div>\n\t\t","protected":false},"excerpt":{"rendered":"<p>Herzlich willkommen auf der Homepage unserer Schule! \u00a0 Als Schulleiterin freue ich mich, Sie auf unserer Website begr\u00fc\u00dfen zu d\u00fcrfen. &hellip; <\/p>\n","protected":false},"author":1,"featured_media":0,"parent":553,"menu_order":0,"comment_status":"closed","ping_status":"closed","template":"","meta":{"footnotes":""},"class_list":["post-733","page","type-page","status-publish","hentry"],"_links":{"self":[{"href":"https:\/\/ms-alkoven.at\/index.php?rest_route=\/wp\/v2\/pages\/733","targetHints":{"allow":["GET"]}}],"collection":[{"href":"https:\/\/ms-alkoven.at\/index.php?rest_route=\/wp\/v2\/pages"}],"about":[{"href":"https:\/\/ms-alkoven.at\/index.php?rest_route=\/wp\/v2\/types\/page"}],"author":[{"embeddable":true,"href":"https:\/\/ms-alkoven.at\/index.php?rest_route=\/wp\/v2\/users\/1"}],"replies":[{"embeddable":true,"href":"https:\/\/ms-alkoven.at\/index.php?rest_route=%2Fwp%2Fv2%2Fcomments&post=733"}],"version-history":[{"count":50,"href":"https:\/\/ms-alkoven.at\/index.php?rest_route=\/wp\/v2\/pages\/733\/revisions"}],"predecessor-version":[{"id":7834,"href":"https:\/\/ms-alkoven.at\/index.php?rest_route=\/wp\/v2\/pages\/733\/revisions\/7834"}],"up":[{"embeddable":true,"href":"https:\/\/ms-alkoven.at\/index.php?rest_route=\/wp\/v2\/pages\/553"}],"wp:attachment":[{"href":"https:\/\/ms-alkoven.at\/index.php?rest_route=%2Fwp%2Fv2%2Fmedia&parent=733"}],"curies":[{"name":"wp","href":"https:\/\/api.w.org\/{rel}","templated":true}]}}