{"id":6561,"date":"2023-09-24T15:11:56","date_gmt":"2023-09-24T15:11:56","guid":{"rendered":"https:\/\/ms-alkoven.at\/?page_id=6561"},"modified":"2026-04-16T18:20:35","modified_gmt":"2026-04-16T18:20:35","slug":"technik-und-design","status":"publish","type":"page","link":"https:\/\/ms-alkoven.at\/?page_id=6561","title":{"rendered":"Technik und Design"},"content":{"rendered":"<p><a href=\"https:\/\/www.google.at\/search?q=laubs%C3%A4ge+s%C3%A4gen+video&amp;sca_esv=4c52f5fd3cefc50d&amp;source=hp&amp;ei=ZyPzZaDRO4m79u8PyryO0Ao&amp;iflsig=ANes7DEAAAAAZfMxeMEOAi7iNnOFXkJAMuo8S4k6e9xX&amp;ved=0ahUKEwjgoIX4k_SEAxWJnf0HHUqeA6oQ4dUDCBU&amp;uact=5&amp;oq=laubs%C3%A4ge+s%C3%A4gen+video&amp;gs_lp=Egdnd3Mtd2l6IhZsYXVic8OkZ2Ugc8OkZ2VuIHZpZGVvMgUQIRigATIFECEYoAEyBRAhGJ8FSOAwUOENWMcucAF4AJABAJgBqgGgAa4SqgEEMy4xN7gBA8gBAPgBAZgCFaACyhOoAgrCAhAQLhgDGI8BGOUCGOoCGIwDwgIQEAAYAxiPARjlAhjqAhiMA8ICERAuGIAEGLEDGIMBGMcBGK8BwgIREC4YgAQYsQMYgwEYxwEY0QPCAgsQABiABBixAxiDAcICCxAuGIAEGLEDGIMBwgIFEAAYgATCAgUQLhiABMICDhAuGIAEGIoFGLEDGIMBwgIREC4YgwEYrwEYxwEYsQMYgATCAggQABiABBixA8ICFBAuGIAEGIoFGLEDGIMBGMcBGNEDwgILEC4YgAQYxwEYrwHCAg4QABiABBiKBRixAxiDAcICDhAuGIAEGMcBGK8BGJgFwgIOEC4YgAQYsQMYgwEY1ALCAgYQABgWGB7CAgQQIRgVwgIHECEYChigAZgDCJIHBDEuMjCgB_57&amp;sclient=gws-wiz#fpstate=ive&amp;vld=cid:641170e7,vid:JoKcPRCAGUY,st:0\" target=\"_blank\" rel=\"noopener\">TD 1&#8230;.Laubs\u00e4ge\u00fcbung Video&#8230;.<\/a><br \/>TD 1a &#8230;.<a href=\"https:\/\/www.google.at\/search?q=wie+s%C3%A4ge+ich+mit+einer+laubs%C3%A4ge&amp;sca_esv=2b360afd64c13830&amp;sca_upv=1&amp;source=hp&amp;ei=c3FgZvbcN8qsi-gP3ojCwAs&amp;iflsig=AL9hbdgAAAAAZmB_g5QvsyWjitsZDDhw6eZS2HO1ALWE&amp;ved=0ahUKEwi24pvZ0cSGAxVK1gIHHV6EELgQ4dUDCA0&amp;uact=5&amp;oq=wie+s%C3%A4ge+ich+mit+einer+laubs%C3%A4ge&amp;gs_lp=Egdnd3Mtd2l6IiF3aWUgc8OkZ2UgaWNoIG1pdCBlaW5lciBsYXVic8OkZ2UyBhAAGBYYHjIIEAAYgAQYogQyCBAAGIAEGKIEMggQABiiBBiJBTIIEAAYgAQYogRIz2RQgDVY4GJwAngAkAEAmAH-AaAB0hyqAQY5LjIzLjG4AQPIAQD4AQGYAiOgApkeqAIKwgIQEC4YAxjlAhjqAhiMAxiPAcICEBAAGAMY5QIY6gIYjAMYjwHCAhEQLhiABBixAxjRAxiDARjHAcICCxAAGIAEGLEDGIMBwgIFEAAYgATCAgsQLhiABBixAxiDAcICCxAuGIAEGMcBGK8BwgIFEC4YgATCAhQQLhiABBixAxiDARjHARiKBRivAcICCBAAGIAEGLEDwgIOEC4YgAQYsQMY0QMYxwHCAhEQLhiABBixAxiDARjHARivAcICDhAAGIAEGLEDGIMBGIoFwgIIEC4YgAQYsQPCAgQQABgDwgIFECEYoAGYA5ICkgcGNi4yOC4xoAffxwI&amp;sclient=gws-wiz#fpstate=ive&amp;vld=cid:43b5de0b,vid:JoKcPRCAGUY,st:0\" target=\"_blank\" rel=\"noopener\">Laubs\u00e4gen<\/a><br \/>TD 1b&#8230;..<a href=\"https:\/\/www.google.at\/search?q=wie+s%C3%A4ge+ich+mit+einer+laubs%C3%A4ge&amp;sca_esv=2b360afd64c13830&amp;sca_upv=1&amp;tbm=vid&amp;ei=KrFgZrf3CJ2_wPAPwcOriAY&amp;start=20&amp;sa=N&amp;ved=2ahUKEwi3tMW6jsWGAxWdHxAIHcHhCmE4ChDy0wN6BAgFEAc&amp;biw=1702&amp;bih=840&amp;dpr=1.1#fpstate=ive&amp;vld=cid:b9064d4a,vid:PLIBv0084sM,st:0\" target=\"_blank\" rel=\"noopener\">Laubs\u00e4geblatt richtig einspannen<\/a><br \/>TD 1c&#8230;..<a href=\"https:\/\/learningapps.org\/20511967\" target=\"_blank\" rel=\"noopener\">Laubs\u00e4gen&#8230;Learningapps<\/a><br \/>TD 1d&#8230;..<a href=\"https:\/\/learningapps.org\/5630306\" target=\"_blank\" rel=\"noopener\">Laubs\u00e4ge&#8230;Millionenshow<\/a><br \/>TD 1e\u00a0 \u00a0 \u00a0 \u00a0<a href=\"https:\/\/on.orf.at\/video\/14298587\/oberoesterreich-heute-vom-05112025\" target=\"_blank\" rel=\"noopener\">Drachen steigen lassen\u2026..Ober\u00f6sterreich heute<\/a><\/p>\n<p>TD 1f\u00a0 \u00a0 \u00a0<a href=\"https:\/\/www.youtube.com\/watch?v=DHFBwzRcPYI\" target=\"_blank\" rel=\"noopener\">Video&#8230;..Ei aus 2 m H\u00f6he&#8230;..Sturzhelm&#8230;..Video: wir experimentieren zuhause &#8211; Folge 3 das Ei-Rettungssystem<\/a><\/p>\n<p>&nbsp;<\/p>\n<p>TD\u00a0 \u00a03a\u00a0 \u00a0 \u00a0<a href=\"https:\/\/www.google.at\/search?q=papierkochtopf+experiment+video&amp;sca_esv=e3dfc37f8dc9d50a&amp;udm=7&amp;ei=_aBmZ8uTEoeH9u8P3eqf6QU&amp;start=10&amp;sa=N&amp;sstk=ATObxK7PHtPb1MOEaZHZzSe_IouQmHntNHhFf8fze1W99LyYw5GIjHD6WI_1kGEkb8UizhbYiD7sAJ_PDILikg2boo6UxeUoXOtrBw&amp;ved=2ahUKEwiLhoTw27iKAxWHg_0HHV31J10Q8tMDegQIBRAE&amp;biw=1738&amp;bih=836&amp;dpr=1.1#fpstate=ive&amp;vld=cid:3d6ee34c,vid:flief8soKWQ,st:0\" target=\"_blank\" rel=\"noopener\">\u00a0Papierkochtopf<\/a><br \/>TD\u00a0 \u00a03b\u00a0 \u00a0 \u00a0<a href=\"https:\/\/www.ambergerschule-nuernberg.de\/kla\/20132b5\/WaermeKaelteExperimente.html\" target=\"_blank\" rel=\"noopener\">Expermiment des Tages<\/a><br \/>TD\u00a0 3c\u00a0 \u00a0 \u00a0<a href=\"https:\/\/www.google.at\/url?sa=t&amp;rct=j&amp;q=&amp;esrc=s&amp;source=web&amp;cd=&amp;ved=2ahUKEwjnr8ni2riKAxXg_7sIHYliISIQFnoECCEQAQ&amp;url=https%3A%2F%2Fwww.kfv-seenplatte.de%2Fwp-content%2Fuploads%2F2022%2F09%2Fexperimente.pdf&amp;usg=AOvVaw04yTL2gH542Ca9jt_kM_l1&amp;opi=89978449\" target=\"_blank\" rel=\"noopener\">Experimente zum Nachbauen<\/a><br \/>TD\u00a0 3ca\u00a0 \u00a0\u00a0<a href=\"https:\/\/www.google.com\/search?sca_esv=4437aa3b99422d84&amp;udm=7&amp;fbs=AIIjpHw2KGh6wpocn18KLjPMw8n52Nkba7jjr4cvz_KV1oSK1_IUjfXm9n2cLM5ReF0nZKblEI2wLSwkJPDRZVDtGCS4WnVcIbUQ7n_4q03qZTTuGUTPkjoGN5nvk95Vp9EQnszlzI099Oh-W9dwrXDQkdAu9WH0Rl3MCXdKVK5RdDGqSJ50hTntslukitoyfR-pzeJEoCtxfUUomb3fRq_u_WgIQY-grQ&amp;q=der+fliegende+teebeutel+video&amp;sa=X&amp;ved=2ahUKEwiM_OXry_eRAxXagP0HHbYnJNAQtKgLegQIEBAB&amp;biw=2124&amp;bih=1015&amp;dpr=0.9#fpstate=ive&amp;vld=cid:a36a3ee0,vid:LxhIvZf-a4E,st:0\" target=\"_blank\" rel=\"noopener\">Experiment Teebeutel \u2013 Rakete zum Bauen<\/a><br \/>TD\u00a0 \u00a03cb\u00a0 \u00a0<a href=\"https:\/\/www.google.com\/search?q=teebeutel+rakete+funktionier+nicht&amp;sca_esv=2abb81a9f80b289a&amp;source=hp&amp;ei=wqZeaamFGLizhbIPkJfboQc&amp;iflsig=AOw8s4IAAAAAaV600i5Kljo7tb23Q467bw2FqMhtQuxH&amp;ved=0ahUKEwip7q6giPqRAxW4WUEAHZDLNnQQ4dUDCBU&amp;uact=5&amp;oq=teebeutel+rakete+funktionier+nicht&amp;gs_lp=Egdnd3Mtd2l6IiJ0ZWViZXV0ZWwgcmFrZXRlIGZ1bmt0aW9uaWVyIG5pY2h0MgcQABiABBgNMgUQABjvBTIFEAAY7wUyCBAAGIAEGKIEMggQABiABBiiBEjFTFDiCVj1SnABeACQAQCYAdsBoAGQHqoBBzExLjIyLjG4AQPIAQD4AQGYAiOgAusfqAIKwgIKEC4YAxjqAhiPAcICChAAGAMY6gIYjwHCAgsQABiABBixAxiDAcICDhAuGIAEGLEDGNEDGMcBwgIREC4YgAQYsQMY0QMYgwEYxwHCAgsQLhiABBixAxiDAcICDhAuGIAEGMcBGJgFGK8BwgIIEAAYgAQYsQPCAg4QABiABBixAxiDARiKBcICDhAuGIAEGLEDGIMBGIoFwgIIEC4YgAQYsQPCAgUQABiABMICCxAuGIAEGMcBGK8BwgIFEC4YgATCAgYQABgWGB6YAw3xBbeRRO7R9wggkgcGNi4yNy4yoAfBuQGyBwY1LjI3LjK4B94fwgcJMC4xMy4xNy41yAejAYAIAA&amp;sclient=gws-wiz#fpstate=ive&amp;vld=cid:10339eeb,vid:XkGICvlhSTE,st:0\" target=\"_blank\" rel=\"noopener\">Experiment Teebeutel\u2026.Rakete<\/a><br \/>TD\u00a0 \u00a03cc\u00a0 \u00a0\u00a0<a href=\"https:\/\/www.google.com\/search?q=teebeutel+rakete+funktionier+nicht&amp;sca_esv=2abb81a9f80b289a&amp;source=hp&amp;ei=wqZeaamFGLizhbIPkJfboQc&amp;iflsig=AOw8s4IAAAAAaV600i5Kljo7tb23Q467bw2FqMhtQuxH&amp;ved=0ahUKEwip7q6giPqRAxW4WUEAHZDLNnQQ4dUDCBU&amp;uact=5&amp;oq=teebeutel+rakete+funktionier+nicht&amp;gs_lp=Egdnd3Mtd2l6IiJ0ZWViZXV0ZWwgcmFrZXRlIGZ1bmt0aW9uaWVyIG5pY2h0MgcQABiABBgNMgUQABjvBTIFEAAY7wUyCBAAGIAEGKIEMggQABiABBiiBEjFTFDiCVj1SnABeACQAQCYAdsBoAGQHqoBBzExLjIyLjG4AQPIAQD4AQGYAiOgAusfqAIKwgIKEC4YAxjqAhiPAcICChAAGAMY6gIYjwHCAgsQABiABBixAxiDAcICDhAuGIAEGLEDGNEDGMcBwgIREC4YgAQYsQMY0QMYgwEYxwHCAgsQLhiABBixAxiDAcICDhAuGIAEGMcBGJgFGK8BwgIIEAAYgAQYsQPCAg4QABiABBixAxiDARiKBcICDhAuGIAEGLEDGIMBGIoFwgIIEC4YgAQYsQPCAgUQABiABMICCxAuGIAEGMcBGK8BwgIFEC4YgATCAgYQABgWGB6YAw3xBbeRRO7R9wggkgcGNi4yNy4yoAfBuQGyBwY1LjI3LjK4B94fwgcJMC4xMy4xNy41yAejAYAIAA&amp;sclient=gws-wiz#fpstate=ive&amp;vld=cid:dff4c050,vid:8FRy-yjmJ9w,st:0\" target=\"_blank\" rel=\"noopener\">Experiment Teebeutel<\/a><br \/>TD\u00a0 3d\u00a0 \u00a0 \u00a0<a href=\"https:\/\/www.ikg-rt.de\/fh\/schowalter\/physik\/experimente\/waerme.htm\" target=\"_blank\" rel=\"noopener\">Experimente<\/a><br \/>TD 3e\u00a0 \u00a0 \u00a0\u00a0<a href=\"https:\/\/www.youtube.com\/watch?v=Fx6nz5YHC5M\" target=\"_blank\" rel=\"noopener\">Experiment L\u00e4ngenausdehnung Video<\/a><br \/>TD 3f\u00a0 \u00a0 \u00a0 \u00a0<a href=\"https:\/\/denkwerkstatt-physik.de\/denkwerkstatt-physik\/files\/waerme\/buegeleisen\/experiment_0.html\" target=\"_blank\" rel=\"noopener\">Experiment L\u00e4ngenausdehnung<\/a><br \/>TD 3g\u00a0 \u00a0 \u00a0 \u00a0<a href=\"https:\/\/www.labbe.de\/Metall-dehnen\" target=\"_blank\" rel=\"noopener\">Experiment L\u00e4ngenausdehnung 1<\/a><br \/>TD 3k\u00a0 \u00a0 \u00a0\u00a0<a href=\"https:\/\/www.youtube.com\/watch?v=y55I92Ro-5Y\" target=\"_blank\" rel=\"noopener\">Experimente zum Ausprobieren Video<\/a><br \/>TD 3n\u00a0 \u00a0 \u00a0\u00a0<a href=\"https:\/\/www.leifiphysik.de\/waermelehre\/ausdehnung-bei-erwaermung\/versuche\/heimversuche-zur-ausdehnung-bei-erwaermung\" target=\"_blank\" rel=\"noopener\">Forscherwerkstatt 1<\/a><br \/>TD 3r\u00a0 \u00a0 \u00a0 \u00a0<a href=\"https:\/\/www.youtube.com\/watch?v=4mPIrtm1-8o\" target=\"_blank\" rel=\"noopener\">Forscherwerkstatt CO2 erzeugen<\/a><br \/>TD 3p\u00a0 \u00a0 \u00a0\u00a0<a href=\"https:\/\/www.labbe.de\/Verlagerter-Schwerpunkt\" target=\"_blank\" rel=\"noopener\">Forscherwerkstatt SChwerpunkt<\/a><br \/>TD 3t\u00a0 \u00a0 \u00a0 \u00a0<a href=\"https:\/\/www.youtube.com\/watch?v=O8sdqaVLZ6w&amp;t=104s\" target=\"_blank\" rel=\"noopener\">Forscherwerkstatt\u2026.Versuche\u2026.Besen\u2026\u2026.Glas\/Kreisbewegung\u2026..Tasse\/Schnur<\/a><br \/>TD 3u\u00a0 \u00a0 \u00a0\u00a0<a href=\"https:\/\/www.komm-mach-mint.de\/schuelerinnen\/experimente\/alle-experimente\/die-magische-flasche\" target=\"_blank\" rel=\"noopener\">Forscherwerkstatt\u2026..Versuch\u2026\u2026Wie kann ich die M\u00fcnze bekommen, ohne dass ich nass werde?<\/a><br \/>TD 3v\u00a0 \u00a0 \u00a0\u00a0<a href=\"https:\/\/www.google.at\/search?q=physik+experimente+2+klasse+gymnasium&amp;sca_esv=b54b983edb09ebcb&amp;source=hp&amp;ei=grptZ-2hHZGF9u8P9IiVwQU&amp;iflsig=AL9hbdgAAAAAZ23IkuYwmcjpI6M9wyiCV2UfzLr4Ktc5&amp;oq=physik+expe&amp;gs_lp=Egdnd3Mtd2l6IgtwaHlzaWsgZXhwZSoCCAIyBRAAGIAEMgUQABiABDIFEAAYgAQyBRAAGIAEMgUQABiABDIFEAAYgAQyBRAAGIAEMgUQABiABDIFEAAYgAQyBRAAGIAESMcwUJsJWIchcAF4AJABAJgBcqAB3QiqAQMzLji4AQHIAQD4AQGYAgygAq8JqAIKwgIKEC4YAxjqAhiPAcICChAAGAMY6gIYjwHCAgsQABiABBixAxiDAcICERAuGIAEGLEDGNEDGIMBGMcBwgIIEAAYgAQYsQPCAgsQLhiABBixAxiDAcICDhAuGIAEGLEDGNEDGMcBwgIOEC4YgAQYsQMYgwEYigXCAgUQLhiABMICCBAuGIAEGLEDwgILEC4YgAQYxwEYrwHCAggQABiABBiSA8ICCxAAGIAEGJIDGIoFmAMI8QX6stioYWHzaZIHAzMuOaAHt2Y&amp;sclient=gws-wiz#fpstate=ive&amp;vld=cid:861dfbf1,vid:qie0LqYj-14,st:0\" target=\"_blank\" rel=\"noopener\">Forscherwerkstatt\u2026..sehr, sehr viele Versuche<\/a><\/p>\n<p>TD 4ub\u00a0\u00a0<a href=\"https:\/\/www.youtube.com\/watch?v=XujDd9Iv1vM&amp;t=73s\" target=\"_blank\" rel=\"noopener\">Ausdehnung Metallstab Sch\u00fclerexperiment<\/a><br \/>TD 4uc\u00a0\u00a0<a href=\"https:\/\/www.youtube.com\/watch?v=ZmaI9ohPpTg&amp;t=61s\" target=\"_blank\" rel=\"noopener\">Ausdehnung Metallstab SCh\u00fclerexperiment 2<\/a><br \/>TD 4uf\u00a0\u00a0<a href=\"https:\/\/www.youtube.com\/watch?v=k4RPElnyF9M&amp;t=46s\" target=\"_blank\" rel=\"noopener\">Ausdehnung Luft in einer Flasche \/ M\u00fcnze<\/a><br \/>TD 4ug\u00a0\u00a0<a href=\"https:\/\/www.youtube.com\/watch?v=dQBBdqyHlgI&amp;t=111s\" target=\"_blank\" rel=\"noopener\">Ausdehnung Wie kommt der Luftballon in die Flasche<\/a><br \/>TD 4uh\u00a0\u00a0<a href=\"https:\/\/www.youtube.com\/watch?v=dzhEAK_e9_g&amp;t=312s\" target=\"_blank\" rel=\"noopener\">Ausdehnung einen Luftballon in einer Flasche aufblasen<\/a><\/p>\n<p>&nbsp;<\/p>\n<p>TD\u00a0 5a\u00a0 \u00a0<a href=\"https:\/\/www.google.at\/search?q=tr%C3%A4gheit+versuche&amp;sca_esv=5e42f7fa02a5a005&amp;ei=4MO0Z4TpFoT-7_UPrMHw6A8&amp;ved=0ahUKEwiE2dmO4M2LAxUE_7sIHawgHP0Q4dUDCBA&amp;uact=5&amp;oq=tr%C3%A4gheit+versuche&amp;gs_lp=Egxnd3Mtd2l6LXNlcnAiEnRyw6RnaGVpdCB2ZXJzdWNoZTIFEAAYgAQyBhAAGBYYHjIIEAAYgAQYogRIsBJQ2gVYqxFwAXgBkAEAmAF9oAHLB6oBAzEuOLgBA8gBAPgBAZgCCqAChwjCAgoQABiwAxjWBBhHwgINEAAYgAQYsAMYQxiKBcICChAAGIAEGEMYigXCAggQABiiBBiJBcICBRAAGO8FmAMAiAYBkAYKkgcDMS45oAevKA&amp;sclient=gws-wiz-serp#fpstate=ive&amp;vld=cid:7c595bc8,vid:twMpPmxbv7w,st:0\">Tr\u00e4gheit\u2026.Versuche zum selber BAuern<\/a><br \/>TD\u00a0 5aa\u00a0<a href=\"https:\/\/www.google.at\/search?q=tr%C3%A4gheit+sch%C3%BClerversuche&amp;sca_esv=b62d27502791017a&amp;source=hp&amp;ei=Ojm7Z8SpFq6skdUPvuqGmQU&amp;iflsig=ACkRmUkAAAAAZ7tHSs1SbmC9_66M3pvIRvO4jhOGiIKU&amp;ved=0ahUKEwjEruvviNqLAxUuVqQEHT61IVMQ4dUDCBo&amp;uact=5&amp;oq=tr%C3%A4gheit+sch%C3%BClerversuche&amp;gs_lp=Egdnd3Mtd2l6Ihp0csOkZ2hlaXQgc2Now7xsZXJ2ZXJzdWNoZTIFECEYoAEyBRAhGJ8FSMZMUMUdWPZKcAJ4AJABAJgBiwGgAf8UqgEEOC4xN7gBA8gBAPgBAZgCG6AC9xWoAgrCAgoQLhgDGOoCGI8BwgIKEAAYAxjqAhiPAcICCxAAGIAEGLEDGIMBwgIOEC4YgAQYsQMY0QMYxwHCAhEQLhiABBixAxjRAxiDARjHAcICDhAuGIAEGMcBGJgFGK8BwgILEC4YgAQYsQMYgwHCAg4QABiABBixAxiDARiKBcICCBAAGIAEGLEDwgIFEAAYgATCAgUQLhiABMICCxAuGIAEGMcBGK8BwgIGEAAYFhgewgIHECEYoAEYCpgDCPEF2NeoyYBvt8SSBwQ1LjIyoAewcQ&amp;sclient=gws-wiz#fpstate=ive&amp;vld=cid:a7513b6b,vid:DeGfwhCsxx8,st:0\" target=\"_blank\" rel=\"noopener\">Tr\u00e4gheit\u2026.Experimente<\/a><br \/>TD\u00a0 5 ab\u00a0\u00a0<a href=\"https:\/\/www.youtube.com\/watch?v=L9vrJcOu3sg\" target=\"_blank\" rel=\"noopener\">Tr\u00e4gheit\u2026.Eine 1 Cent M\u00fcnze soll in die Flasche<\/a><br \/><a href=\"https:\/\/www.youtube.com\/watch?v=pzojxA76H2k&amp;t=59s\" target=\"_blank\" rel=\"noopener\">TD\u00a0 5 ae\u00a0 \u00a0Tr\u00e4gheit\u2026\u2026.Versuch\u2026.2 Eier \u2026..Karte\u2026..Eier fallen in Glas<\/a><br \/>TD 5 af\u00a0 \u00a0\u00a0<a href=\"https:\/\/www.youtube.com\/watch?v=O8sdqaVLZ6w\" target=\"_blank\" rel=\"noopener\">Tr\u00e4gheit\u2026\u2026Video\u2026..Plastikbecher rotieren lassen ab d. Mitte des Videos<\/a><\/p>\n<p>TD 5ag\u00a0 \u00a0<a href=\"https:\/\/www.youtube.com\/watch?v=3-4_WB0xf-g\" target=\"_blank\" rel=\"noopener\">Luftdruck\u2026.Versuch\u2026\u2026Holzleiste und Zeitungspapier\u2026\u2026.Video Wie schwer ist Luft<\/a><\/p>\n<p>&nbsp;<\/p>\n<p>TD 5 b\u00a0 \u00a0<a href=\"https:\/\/www.planet-schule.de\/frage-trifft-antwort\/video\/detail\/kann-man-mit-bechern-telefonieren.html\" target=\"_blank\" rel=\"noopener\">Schall\u2026..Video\u2026.kann man mit Bechern telefonieren ?<\/a><br \/>TD 5c \u00a0 \u00a0<a href=\"https:\/\/www.ardmediathek.de\/video\/planet-schule\/das-bechertelefon-achtung-experiment\/swr\/Y3JpZDovL3BsYW5ldC1zY2h1bGUuZGUvQVJEXzkxMjZfdmlkZW8\" target=\"_blank\" rel=\"noopener\">Schall\u2026\u2026\u2026\u2026.Video\u2026\u2026\u2026.Dosentelefon\u2026\u2026.Das Bechertelefon Achtung!Experiment<\/a><br \/>TD 5d\u00a0 \u00a0 \u00a0<a href=\"https:\/\/www.youtube.com\/watch?v=kwOlCebHx7Q\" target=\"_blank\" rel=\"noopener\">Schall\u2026\u2026\u2026\u2026.Video\u2026\u2026..die Schallpistole als Feuerl\u00f6scher \u2026\u2026\u2026super f\u00fcr Werken zum Bauen<\/a><br \/>TD 5e\u00a0 \u00a0 \u00a0<a href=\"https:\/\/www.ohrenspitzer.de\/methoden\/tutorials\/experimente-mit-schall\/\" target=\"_blank\" rel=\"noopener\">SChall\u2026..Video mit vielen Beispielen<\/a><br \/>TD 5f\u00a0 \u00a0\u00a0<a href=\"https:\/\/www.planet-schule.de\/schwerpunkt\/achtung-experiment\/das-bechertelefon-film-100.html\" target=\"_blank\" rel=\"noopener\">Schall\u2026\u2026Video\u2026\u2026\u2026\u2026..Bechertelefon\u2026\u2026..Planet Schule<\/a><br \/>TD 5g\u00a0 \u00a0\u00a0<a href=\"https:\/\/www.google.com\/search?q=bechertelefon+basteln&amp;sca_esv=25dcd6d97260b75a&amp;source=hp&amp;ei=E1DOaOXLDsyA9u8P6uqlmQc&amp;iflsig=AOw8s4IAAAAAaM5eI4xupRpKaRPnSqy7ejrTBsDNNLtI&amp;oq=bechertelefo&amp;gs_lp=Egdnd3Mtd2l6IgxiZWNoZXJ0ZWxlZm8qAggAMgUQABiABDIFEAAYgAQyBRAAGIAEMgUQABiABDIEEAAYHjIEEAAYHjIEEAAYHjIEEAAYHjIEEAAYHjIEEAAYHkj5KVCfC1jKHHABeACQAQCYAX-gAYYJqgEDOS4zuAEByAEA-AEBmAINoALxCagCCsICChAAGAMY6gIYjwHCAgoQLhgDGOoCGI8BwgIOEAAYgAQYsQMYgwEYigXCAggQABiABBixA8ICCxAuGIAEGNEDGMcBwgIREC4YgAQYsQMY0QMYgwEYxwHCAgsQABiABBixAxiDAcICBBAAGAPCAggQLhiABBixA8ICDhAuGIAEGLEDGNEDGMcBwgIREC4YgAQYsQMYxwEYmAUYrwHCAgoQLhiABBjUAhgKwgIHEAAYgAQYCsICBRAAGO8FwgIIEAAYgAQYogSYAwfxBQ5FtF0vaIbWkgcDNi43oAfyXbIHAzUuN7gH6QnCBwUyLTkuNMgHXQ&amp;sclient=gws-wiz#fpstate=ive&amp;vld=cid:94ffccfe,vid:VUaIx14vVHE,st:0\" target=\"_blank\" rel=\"noopener\">Schall\u2026\u2026..Video\u2026\u2026\u2026\u2026.Bechertelefon basteln\u2026\u2026..gute Anleitung<\/a><br \/>TD 5h\u00a0 \u00a0\u00a0<a href=\"https:\/\/www.leifiphysik.de\/akustik\/schallgeschwindigkeit\/versuche\/messung-der-schallgeschwindigkeit-variante-2-smartphone-experiment-mit-phyphox\" target=\"_blank\" rel=\"noopener\">Schall\u2026\u2026\u2026Schallgeschwindigkeit mit der Handy App phyphox ermitteln<\/a><\/p>\n<p>&nbsp;<\/p>\n<p>&nbsp;<\/p>\n","protected":false},"excerpt":{"rendered":"<p>TD 1&#8230;.Laubs\u00e4ge\u00fcbung Video&#8230;.TD 1a &#8230;.Laubs\u00e4genTD 1b&#8230;..Laubs\u00e4geblatt richtig einspannenTD 1c&#8230;..Laubs\u00e4gen&#8230;LearningappsTD 1d&#8230;..Laubs\u00e4ge&#8230;MillionenshowTD 1e\u00a0 \u00a0 \u00a0 \u00a0Drachen steigen lassen\u2026..Ober\u00f6sterreich heute TD 1f\u00a0 \u00a0 &hellip; <\/p>\n","protected":false},"author":1,"featured_media":0,"parent":0,"menu_order":0,"comment_status":"closed","ping_status":"closed","template":"elementor_header_footer","meta":{"footnotes":""},"class_list":["post-6561","page","type-page","status-publish","hentry"],"_links":{"self":[{"href":"https:\/\/ms-alkoven.at\/index.php?rest_route=\/wp\/v2\/pages\/6561","targetHints":{"allow":["GET"]}}],"collection":[{"href":"https:\/\/ms-alkoven.at\/index.php?rest_route=\/wp\/v2\/pages"}],"about":[{"href":"https:\/\/ms-alkoven.at\/index.php?rest_route=\/wp\/v2\/types\/page"}],"author":[{"embeddable":true,"href":"https:\/\/ms-alkoven.at\/index.php?rest_route=\/wp\/v2\/users\/1"}],"replies":[{"embeddable":true,"href":"https:\/\/ms-alkoven.at\/index.php?rest_route=%2Fwp%2Fv2%2Fcomments&post=6561"}],"version-history":[{"count":9,"href":"https:\/\/ms-alkoven.at\/index.php?rest_route=\/wp\/v2\/pages\/6561\/revisions"}],"predecessor-version":[{"id":9389,"href":"https:\/\/ms-alkoven.at\/index.php?rest_route=\/wp\/v2\/pages\/6561\/revisions\/9389"}],"wp:attachment":[{"href":"https:\/\/ms-alkoven.at\/index.php?rest_route=%2Fwp%2Fv2%2Fmedia&parent=6561"}],"curies":[{"name":"wp","href":"https:\/\/api.w.org\/{rel}","templated":true}]}}