{"id":572,"date":"2020-12-30T14:25:10","date_gmt":"2020-12-30T14:25:10","guid":{"rendered":"https:\/\/ms-alkoven.at\/?page_id=572"},"modified":"2026-01-29T18:55:38","modified_gmt":"2026-01-29T18:55:38","slug":"susa","status":"publish","type":"page","link":"https:\/\/ms-alkoven.at\/?page_id=572","title":{"rendered":"SUSA"},"content":{"rendered":"\t\t<div data-elementor-type=\"wp-page\" data-elementor-id=\"572\" class=\"elementor elementor-572\">\n\t\t\t\t\t\t<section class=\"elementor-section elementor-top-section elementor-element elementor-element-6bc883c1 elementor-section-boxed elementor-section-height-default elementor-section-height-default\" data-id=\"6bc883c1\" data-element_type=\"section\">\n\t\t\t\t\t\t<div class=\"elementor-container elementor-column-gap-default\">\n\t\t\t\t\t<div class=\"elementor-column elementor-col-100 elementor-top-column elementor-element elementor-element-203fad4a\" data-id=\"203fad4a\" data-element_type=\"column\">\n\t\t\t<div class=\"elementor-widget-wrap elementor-element-populated\">\n\t\t\t\t\t\t<div class=\"elementor-element elementor-element-188f20b5 elementor-widget elementor-widget-text-editor\" data-id=\"188f20b5\" data-element_type=\"widget\" data-widget_type=\"text-editor.default\">\n\t\t\t\t<div class=\"elementor-widget-container\">\n\t\t\t\t\t\t\t\t\t<div class=\"wp-block-media-text alignwide is-stacked-on-mobile\" style=\"grid-template-columns: 15% auto;\">\n<figure class=\"wp-block-media-text__media\"><img decoding=\"async\" class=\"wp-image-1739 size-full\" src=\"https:\/\/ms-alkoven.at\/wp-content\/uploads\/2021\/05\/haubner-499x1024.png\" alt=\"\" \/><\/figure>\n<div class=\"wp-block-media-text__content\">\n<p style=\"font-size: 11px;\">Das\u00a0<strong>freiwillige<\/strong>\u00a0und\u00a0<strong>pr\u00e4ventive<\/strong>\u00a0Angebot von SuSA (Schule &amp; Soziale Arbeit) bietet Eltern, Sch\u00fclerInnen und P\u00e4dagogInnen die M\u00f6glichkeit, sich an SozialarbeiterInnen zu wenden, wenn zu Hause oder in der Schule Schwierigkeiten auftreten. M\u00f6gliche Gr\u00fcnde f\u00fcr eine Kontaktaufnahme mit SuSA k\u00f6nnen sein:<\/p>\n<p><\/p>\n<p><\/p>\n<ul class=\"has-small-font-size wp-block-list\">\n<li>auff\u00e4llige Verhaltensweisen<\/li>\n<li>Leistungsver\u00e4nderung<\/li>\n<li>Trennung\/Scheidung der Eltern<\/li>\n<li>depressive Symptomatiken<\/li>\n<li>Konfliktsituationen in der Schule, der Familie, etc.<\/li>\n<li>Fragen zu Pubert\u00e4tsthematiken<\/li>\n<\/ul>\n<p><\/p>\n<p><\/p>\n<p style=\"font-size: 11px;\">Ziel von SuSA ist es, gemeinsam mit den Lehrkr\u00e4ften, Eltern und Sch\u00fclerInnen L\u00f6sungen zu finden, damit die Kinder und Jugendlichen den Schulalltag besser bew\u00e4ltigen und sich so pers\u00f6nlich und sozial weiterentwickeln k\u00f6nnen.<\/p>\n<p><\/p>\n<p><\/p>\n<p style=\"font-size: 12px;\"><strong>Die zust\u00e4ndige Schulsozialarbeiterin<span style=\"font-size: 18px;\"> Frau Katharina Neumann, BA BA<\/span>\u00a0 ist an unserer MS Alkoven wie folgt anzutreffen:\u00a0<\/strong><\/p>\n<p><\/p>\n<p><\/p>\n<ul class=\"has-normal-font-size wp-block-list\">\n<li>wie bin ich erreichbar:<br \/><strong>jeden Dienstag von 10:30-12:00 oder unter 0664 60072 64534<\/strong><\/li>\n<\/ul>\n<p><\/p>\n<\/div>\n<\/div>\n<p><!-- \/wp:media-text --><\/p>\t\t\t\t\t\t\t\t<\/div>\n\t\t\t\t<\/div>\n\t\t\t\t\t<\/div>\n\t\t<\/div>\n\t\t\t\t\t<\/div>\n\t\t<\/section>\n\t\t\t\t<\/div>\n\t\t","protected":false},"excerpt":{"rendered":"<p>Das\u00a0freiwillige\u00a0und\u00a0pr\u00e4ventive\u00a0Angebot von SuSA (Schule &amp; Soziale Arbeit) bietet Eltern, Sch\u00fclerInnen und P\u00e4dagogInnen die M\u00f6glichkeit, sich an SozialarbeiterInnen zu wenden, wenn &hellip; <\/p>\n","protected":false},"author":1,"featured_media":0,"parent":553,"menu_order":0,"comment_status":"closed","ping_status":"closed","template":"elementor_header_footer","meta":{"footnotes":""},"class_list":["post-572","page","type-page","status-publish","hentry"],"_links":{"self":[{"href":"https:\/\/ms-alkoven.at\/index.php?rest_route=\/wp\/v2\/pages\/572","targetHints":{"allow":["GET"]}}],"collection":[{"href":"https:\/\/ms-alkoven.at\/index.php?rest_route=\/wp\/v2\/pages"}],"about":[{"href":"https:\/\/ms-alkoven.at\/index.php?rest_route=\/wp\/v2\/types\/page"}],"author":[{"embeddable":true,"href":"https:\/\/ms-alkoven.at\/index.php?rest_route=\/wp\/v2\/users\/1"}],"replies":[{"embeddable":true,"href":"https:\/\/ms-alkoven.at\/index.php?rest_route=%2Fwp%2Fv2%2Fcomments&post=572"}],"version-history":[{"count":16,"href":"https:\/\/ms-alkoven.at\/index.php?rest_route=\/wp\/v2\/pages\/572\/revisions"}],"predecessor-version":[{"id":9305,"href":"https:\/\/ms-alkoven.at\/index.php?rest_route=\/wp\/v2\/pages\/572\/revisions\/9305"}],"up":[{"embeddable":true,"href":"https:\/\/ms-alkoven.at\/index.php?rest_route=\/wp\/v2\/pages\/553"}],"wp:attachment":[{"href":"https:\/\/ms-alkoven.at\/index.php?rest_route=%2Fwp%2Fv2%2Fmedia&parent=572"}],"curies":[{"name":"wp","href":"https:\/\/api.w.org\/{rel}","templated":true}]}}