{"id":567,"date":"2020-12-30T14:23:10","date_gmt":"2020-12-30T14:23:10","guid":{"rendered":"https:\/\/ms-alkoven.at\/?page_id=567"},"modified":"2025-10-21T14:41:17","modified_gmt":"2025-10-21T14:41:17","slug":"elternverein","status":"publish","type":"page","link":"https:\/\/ms-alkoven.at\/?page_id=567","title":{"rendered":"Elternverein"},"content":{"rendered":"<p><\/p>\r\n<figure class=\"wp-block-image size-medium is-resized\"><img decoding=\"async\" class=\"wp-image-1696\" src=\"https:\/\/ms-alkoven.at\/wp-content\/uploads\/2021\/05\/stick-people-children-5293336_1280-300x124.png\" alt=\"\" width=\"321\" height=\"124\" \/><\/figure>\r\n<p><\/p>\r\n<p><\/p>\r\n<ul class=\"wp-block-list\" id=\"about_BoxV_15\">\r\n<li>Der Elternverein soll Bindeglied zwischen Eltern, Sch\u00fclern und Lehrern sein und wird durch Mitgliedsbeitr\u00e4ge und Spenden finanziert. Wir freuen uns, wenn Sie dem Elternverein beitreten, denn jeder einzelne Mitgliedsbeitrag z\u00e4hlt und erm\u00f6glicht uns eine bestm\u00f6gliche Unterst\u00fctzung unserer Kinder.<\/li>\r\n<\/ul>\r\n<p><\/p>\r\n<p><\/p>\r\n<p>\u00a0 \u00a0 \u00a0 \u00a0 \u00a0 \u00a0Wenn Sie Kontaktdaten des Elternvereines w\u00fcnschen, <br \/>\u00a0 \u00a0 \u00a0 \u00a0 \u00a0 \u00a0 \u00a0 \u00a0 \u00a0 \u00a0 \u00a0 \u00a0 \u00a0 \u00a0 \u00a0 \u00a0 \u00a0 \u00a0 \u00a0 \u00a0 \u00a0 \u00a0 \u00a0 \u00a0 \u00a0 \u00a0 dann schicken Sie bitte ein Mail an die Schulleitung.<\/p>\r\n<p><\/p>\r\n<p><\/p>\r\n<p>&nbsp;<\/p>\r\n<p><\/p>","protected":false},"excerpt":{"rendered":"<p>Der Elternverein soll Bindeglied zwischen Eltern, Sch\u00fclern und Lehrern sein und wird durch Mitgliedsbeitr\u00e4ge und Spenden finanziert. Wir freuen uns, &hellip; <\/p>\n","protected":false},"author":1,"featured_media":0,"parent":553,"menu_order":0,"comment_status":"closed","ping_status":"closed","template":"","meta":{"footnotes":""},"class_list":["post-567","page","type-page","status-publish","hentry"],"_links":{"self":[{"href":"https:\/\/ms-alkoven.at\/index.php?rest_route=\/wp\/v2\/pages\/567","targetHints":{"allow":["GET"]}}],"collection":[{"href":"https:\/\/ms-alkoven.at\/index.php?rest_route=\/wp\/v2\/pages"}],"about":[{"href":"https:\/\/ms-alkoven.at\/index.php?rest_route=\/wp\/v2\/types\/page"}],"author":[{"embeddable":true,"href":"https:\/\/ms-alkoven.at\/index.php?rest_route=\/wp\/v2\/users\/1"}],"replies":[{"embeddable":true,"href":"https:\/\/ms-alkoven.at\/index.php?rest_route=%2Fwp%2Fv2%2Fcomments&post=567"}],"version-history":[{"count":16,"href":"https:\/\/ms-alkoven.at\/index.php?rest_route=\/wp\/v2\/pages\/567\/revisions"}],"predecessor-version":[{"id":9189,"href":"https:\/\/ms-alkoven.at\/index.php?rest_route=\/wp\/v2\/pages\/567\/revisions\/9189"}],"up":[{"embeddable":true,"href":"https:\/\/ms-alkoven.at\/index.php?rest_route=\/wp\/v2\/pages\/553"}],"wp:attachment":[{"href":"https:\/\/ms-alkoven.at\/index.php?rest_route=%2Fwp%2Fv2%2Fmedia&parent=567"}],"curies":[{"name":"wp","href":"https:\/\/api.w.org\/{rel}","templated":true}]}}