{"id":4415,"date":"2022-07-09T18:22:15","date_gmt":"2022-07-09T18:22:15","guid":{"rendered":"https:\/\/ms-alkoven.at\/?page_id=4415"},"modified":"2025-06-28T18:26:54","modified_gmt":"2025-06-28T18:26:54","slug":"schulutensilien-2","status":"publish","type":"page","link":"https:\/\/ms-alkoven.at\/?page_id=4415","title":{"rendered":"Schulutensilien"},"content":{"rendered":"<p style=\"text-align: center;\"><span style=\"font-size: 20px;\">Hinweis:\u00a0 Hefte vom Vorjahr &#8211; k\u00f6nnen, wenn gewollt &#8211; weiter verwendet werden!!!!<\/span><\/p>\n<table width=\"100%\">\n<tbody>\n<tr>\n<td width=\"28%\">\n<p><strong>Unterrichtsfach<\/strong><\/p>\n<\/td>\n<td width=\"72%\">\n<p><strong>Utensilien<\/strong><\/p>\n<\/td>\n<\/tr>\n<tr>\n<td width=\"28%\">\n<p>Religion rk od. ev.AB<\/p>\n<\/td>\n<td width=\"72%\">\n<p>1 . und 2. Klassen:\u00a0 Zweiringmappe A4 und\u00a0 1 gr. liniertes Heft<br \/>3. und 4. Klasse:1 gro\u00dfes liniertes Heft &#8211; 40 Blatt &#8211; mit\u00a0 Umschlag<\/p>\n<\/td>\n<\/tr>\n<tr>\n<td width=\"28%\">\n<p>Deutsch<\/p>\n<\/td>\n<td width=\"72%\">\n<p>3 gro\u00dfe linierte Hefte<br \/>2 gro\u00dfe linierte Hefte mit Korrekturrand<br \/>1 Heftbox blau<br \/>1 gr. Schreibblock (liniert)<br \/>1 Zweiringmappe<\/p>\n<p>&nbsp;<\/p>\n<\/td>\n<\/tr>\n<tr>\n<td width=\"28%\">\n<p>Englisch<\/p>\n<\/td>\n<td width=\"72%\">\n<p>4 gro\u00dfe linierte Hefte mit Umschlag<br \/>4 Schnellhefter aus Plastik in rot, gelb, gr\u00fcn und wei\u00df<\/p>\n<\/td>\n<\/tr>\n<tr>\n<td width=\"28%\">\n<p>Geschichte<\/p>\n<\/td>\n<td width=\"72%\">\n<p>1 gro\u00dfes liniertes Heft mit Umschlag<\/p>\n<\/td>\n<\/tr>\n<tr>\n<td width=\"28%\">\n<p>Geografie<\/p>\n<\/td>\n<td width=\"72%\">\n<p>1 gro\u00dfes liniertes Heft mit Umschlag<\/p>\n<\/td>\n<\/tr>\n<tr>\n<td width=\"28%\">\n<p>Mathematik<\/p>\n<\/td>\n<td width=\"72%\">\n<p>5 d\u00fcnne gro\u00dfe karierte Hefte mit Umschlag<\/p>\n<\/td>\n<\/tr>\n<tr>\n<td width=\"28%\">\n<p>Biologie u. Umweltkunde<\/p>\n<\/td>\n<td width=\"72%\">\n<p>&nbsp;<\/p>\n<p>1 gro\u00dfes liniertes Heft mit Umschlag<\/p>\n<p>&nbsp;<\/p>\n<\/td>\n<\/tr>\n<tr>\n<td width=\"28%\">\n<p>&nbsp;<\/p>\n<p>Physik<\/p>\n<\/td>\n<td width=\"72%\">\n<p>&nbsp;<\/p>\n<p>&nbsp;<\/p>\n<p>1. Klasse: 1 gro\u00dfes kariertes Heft mit Umschlag<br \/>2. Klasse: 1 gro\u00dfes kariertes Heft mit Umschlag<br \/>3. Klasse: 1 gro\u00dfes kariertes Heft mit Umschlag<br \/>4. Klasse: 1 gro\u00dfes kariertes Heft<\/p>\n<p>&nbsp;<\/p>\n<\/td>\n<\/tr>\n<tr>\n<td width=\"28%\">\n<p>Musikerziehung<\/p>\n<\/td>\n<td width=\"72%\">\n<p>f\u00fcr 1. und 2. Klassen: <br \/>1 Notenheft A5, Ausf\u00fchrung egal und 1 gro\u00dfes liniertes Heft mit Umschlag<br \/>f\u00fcr 3. und 4. Klassen:<br \/>1 gro\u00dfes liniertes Heft mit Umschlag<\/p>\n<\/td>\n<\/tr>\n<tr>\n<td width=\"28%\">\n<p>Bildn. Erziehung<\/p>\n<\/td>\n<td width=\"72%\">\n<p>&nbsp;<\/p>\n<p>1 gro\u00dfer Zeichenblock A3<br \/>A3 Mappe f\u00fcr Zeichnungen<br \/>1 kleiner Zeichenblock A4<br \/>1 Wasserbecher<br \/>1 Wasserfarben<br \/>1 Malfetzerl<br \/>verschiedene Pinsel<br \/>1 Schuhschachtel<br \/>buntes Tonpapier A3<br \/>\u00d6lkreiden<br \/>Farbstifte und Filzstifte<br \/>1 gr. Ringmappe + 10 Klarsichtsh\u00fcllen<\/p>\n<\/td>\n<\/tr>\n<tr>\n<td width=\"28%\">\n<p>Werkunterricht (f\u00fcr Knaben und M\u00e4dchen)<\/p>\n<\/td>\n<td width=\"72%\">\n<p>&nbsp;<\/p>\n<p>1 Schuhschachtel<br \/>Schleifpapier Nr. 80 und Nr. 120<br \/>Laubs\u00e4gebl\u00e4tter f\u00fcr Holz <br \/>1 gro\u00dfes Heft<br \/>1 Tube Leim<br \/>Pinsel\u2026mittlere Breite<\/p>\n<\/td>\n<\/tr>\n<tr>\n<td width=\"28%\">\n<p>Ern\u00e4hrung und Haushalt<br \/>nur 3.Klasse<\/p>\n<\/td>\n<td width=\"72%\">\n<p>Kochsch\u00fcrze (wei\u00df), Kochhaube, 1 Paar Topflappen<br \/>1 gro\u00dfe Ringmappe, 40 Klarsichth\u00fcllen,<\/p>\n<\/td>\n<\/tr>\n<tr>\n<td width=\"28%\">\n<p>&nbsp;<\/p>\n<p>Sportunterricht<\/p>\n<\/td>\n<td width=\"72%\">\n<p>&nbsp;<\/p>\n<p>Turnschuhe (helle Sohle) und\u00a0 Turnbekleidung, Turnsackerl<\/p>\n<\/td>\n<\/tr>\n<tr>\n<td width=\"28%\">\n<p>&nbsp;<\/p>\n<p>Maschinschreiben; <br \/>nur f\u00fcr die Sch\u00fcler, die diesen Freigegenstand besuchen\u00a0<\/p>\n<p>&nbsp;<\/p>\n<p>Digitale Grundbildung<\/p>\n<\/td>\n<td width=\"72%\">\n<p>&nbsp;<\/p>\n<p>1 Schnellhefter<br \/>10 Klarsichth\u00fcllen<\/p>\n<p>&nbsp;<\/p>\n<p>&nbsp;<\/p>\n<p>1 Schnellhefter<\/p>\n<\/td>\n<\/tr>\n<tr>\n<td width=\"28%\">\n<p>&nbsp;<\/p>\n<p>Berufsorientierung<br \/>f\u00fcr 3. Klassen<\/p>\n<\/td>\n<td width=\"72%\">\n<p>1 Schnellhefter mit 10 Klarsichth\u00fcllen u. linierte Einlagebl\u00e4tter<\/p>\n<\/td>\n<\/tr>\n<tr>\n<td width=\"28%\">\n<p>&nbsp;<\/p>\n<p>Bilingualer Unterricht<br \/>nur 3. und 4. Klasse<\/p>\n<\/td>\n<td width=\"72%\">\n<p>1 Schnellhefter und 10 Einlegebl\u00e4tter<\/p>\n<\/td>\n<\/tr>\n<tr>\n<td width=\"28%\">\n<p>&nbsp;<\/p>\n<p>Sonstiges<\/p>\n<\/td>\n<td width=\"72%\">\n<p>&nbsp;<\/p>\n<p>Schere, Kleber, Geodreieck, Zirkel, Bleistifte, F\u00fcllfeder<\/p>\n<\/td>\n<\/tr>\n<tr>\n<td width=\"28%\">\u00a0<\/td>\n<td width=\"72%\">\u00a0<\/td>\n<\/tr>\n<tr>\n<td width=\"28%\">\u00a0<\/td>\n<td width=\"72%\">\u00a0<\/td>\n<\/tr>\n<\/tbody>\n<\/table>\n","protected":false},"excerpt":{"rendered":"<p>Hinweis:\u00a0 Hefte vom Vorjahr &#8211; k\u00f6nnen, wenn gewollt &#8211; weiter verwendet werden!!!! Unterrichtsfach Utensilien Religion rk od. ev.AB 1 . &hellip; <\/p>\n","protected":false},"author":1,"featured_media":0,"parent":0,"menu_order":0,"comment_status":"closed","ping_status":"closed","template":"elementor_header_footer","meta":{"footnotes":""},"class_list":["post-4415","page","type-page","status-publish","hentry"],"_links":{"self":[{"href":"https:\/\/ms-alkoven.at\/index.php?rest_route=\/wp\/v2\/pages\/4415","targetHints":{"allow":["GET"]}}],"collection":[{"href":"https:\/\/ms-alkoven.at\/index.php?rest_route=\/wp\/v2\/pages"}],"about":[{"href":"https:\/\/ms-alkoven.at\/index.php?rest_route=\/wp\/v2\/types\/page"}],"author":[{"embeddable":true,"href":"https:\/\/ms-alkoven.at\/index.php?rest_route=\/wp\/v2\/users\/1"}],"replies":[{"embeddable":true,"href":"https:\/\/ms-alkoven.at\/index.php?rest_route=%2Fwp%2Fv2%2Fcomments&post=4415"}],"version-history":[{"count":36,"href":"https:\/\/ms-alkoven.at\/index.php?rest_route=\/wp\/v2\/pages\/4415\/revisions"}],"predecessor-version":[{"id":9019,"href":"https:\/\/ms-alkoven.at\/index.php?rest_route=\/wp\/v2\/pages\/4415\/revisions\/9019"}],"wp:attachment":[{"href":"https:\/\/ms-alkoven.at\/index.php?rest_route=%2Fwp%2Fv2%2Fmedia&parent=4415"}],"curies":[{"name":"wp","href":"https:\/\/api.w.org\/{rel}","templated":true}]}}