{"id":1686,"date":"2021-05-04T07:34:14","date_gmt":"2021-05-04T07:34:14","guid":{"rendered":"https:\/\/ms-alkoven.at\/?page_id=1686"},"modified":"2026-01-29T18:54:16","modified_gmt":"2026-01-29T18:54:16","slug":"mittagessen","status":"publish","type":"page","link":"https:\/\/ms-alkoven.at\/?page_id=1686","title":{"rendered":"Mittagessen"},"content":{"rendered":"\t\t<div data-elementor-type=\"wp-page\" data-elementor-id=\"1686\" class=\"elementor elementor-1686\">\n\t\t\t\t\t\t<section class=\"elementor-section elementor-top-section elementor-element elementor-element-4639faa9 elementor-section-boxed elementor-section-height-default elementor-section-height-default\" data-id=\"4639faa9\" data-element_type=\"section\">\n\t\t\t\t\t\t<div class=\"elementor-container elementor-column-gap-default\">\n\t\t\t\t\t<div class=\"elementor-column elementor-col-100 elementor-top-column elementor-element elementor-element-76cc6414\" data-id=\"76cc6414\" data-element_type=\"column\">\n\t\t\t<div class=\"elementor-widget-wrap elementor-element-populated\">\n\t\t\t\t\t\t<div class=\"elementor-element elementor-element-66d0c99a elementor-widget elementor-widget-text-editor\" data-id=\"66d0c99a\" data-element_type=\"widget\" data-widget_type=\"text-editor.default\">\n\t\t\t\t<div class=\"elementor-widget-container\">\n\t\t\t\t\t\t\t\t\t<div class=\"wp-block-media-text alignwide is-stacked-on-mobile\" style=\"grid-template-columns: 38% auto;\">\n<figure class=\"wp-block-media-text__media\"><img fetchpriority=\"high\" decoding=\"async\" width=\"1024\" height=\"682\" class=\"wp-image-1689 size-full\" src=\"https:\/\/ms-alkoven.at\/wp-content\/uploads\/2021\/05\/spaghetti-4406130_1280-1024x682.jpg\" alt=\"\" srcset=\"https:\/\/ms-alkoven.at\/wp-content\/uploads\/2021\/05\/spaghetti-4406130_1280-1024x682.jpg 1024w, https:\/\/ms-alkoven.at\/wp-content\/uploads\/2021\/05\/spaghetti-4406130_1280-300x200.jpg 300w, https:\/\/ms-alkoven.at\/wp-content\/uploads\/2021\/05\/spaghetti-4406130_1280-768x512.jpg 768w, https:\/\/ms-alkoven.at\/wp-content\/uploads\/2021\/05\/spaghetti-4406130_1280.jpg 1280w\" sizes=\"(max-width: 1024px) 100vw, 1024px\" \/><\/figure>\n<div class=\"wp-block-media-text__content\">\n<p>Ob sich Sch\u00fclerInnen in einer Schule wohlf\u00fchlen, h\u00e4ngt von vielen Faktoren ab, unter anderem auch von einem Angebt bei uns an der Schule, eine frisch gekochte, warme Mittagsmahlzeit zu sich nehmen zu k\u00f6nnen.<\/p>\n<p><\/p>\n<p><\/p>\n<ul class=\"wp-block-list\">\n<li>Frisch gekochte Mittagsmahlzeit an jedem Schultag<\/li>\n<li>Anmeldung ist m\u00f6glich, rote Anmeldebox beim Schuleingang verwenden<\/li>\n<li>Abrechnung erfolgt per Abbuchungsauftrag SEPA \u00fcber die Gemeinde.<\/li>\n<\/ul>\n<p><\/p>\n<p><\/p>\n<p><\/p>\n<\/div>\n<\/div>\n<p><!-- \/wp:media-text --><\/p>\n<p><!-- wp:paragraph --><\/p>\n<p><!-- \/wp:paragraph --><\/p>\n<p><!-- wp:paragraph --><\/p>\n<p><!-- \/wp:paragraph --><\/p>\n<p><!-- wp:table --><\/p>\n<figure class=\"wp-block-table\"><\/figure>\n<p><!-- \/wp:table --><\/p>\n<p><!-- wp:table --><\/p>\n<figure class=\"wp-block-table\"><\/figure>\n<p><!-- \/wp:table --><\/p>\t\t\t\t\t\t\t\t<\/div>\n\t\t\t\t<\/div>\n\t\t\t\t\t<\/div>\n\t\t<\/div>\n\t\t\t\t\t<\/div>\n\t\t<\/section>\n\t\t\t\t<\/div>\n\t\t","protected":false},"excerpt":{"rendered":"<p>Ob sich Sch\u00fclerInnen in einer Schule wohlf\u00fchlen, h\u00e4ngt von vielen Faktoren ab, unter anderem auch von einem Angebt bei uns &hellip; <\/p>\n","protected":false},"author":1,"featured_media":0,"parent":0,"menu_order":0,"comment_status":"closed","ping_status":"closed","template":"elementor_header_footer","meta":{"footnotes":""},"class_list":["post-1686","page","type-page","status-publish","hentry"],"_links":{"self":[{"href":"https:\/\/ms-alkoven.at\/index.php?rest_route=\/wp\/v2\/pages\/1686","targetHints":{"allow":["GET"]}}],"collection":[{"href":"https:\/\/ms-alkoven.at\/index.php?rest_route=\/wp\/v2\/pages"}],"about":[{"href":"https:\/\/ms-alkoven.at\/index.php?rest_route=\/wp\/v2\/types\/page"}],"author":[{"embeddable":true,"href":"https:\/\/ms-alkoven.at\/index.php?rest_route=\/wp\/v2\/users\/1"}],"replies":[{"embeddable":true,"href":"https:\/\/ms-alkoven.at\/index.php?rest_route=%2Fwp%2Fv2%2Fcomments&post=1686"}],"version-history":[{"count":14,"href":"https:\/\/ms-alkoven.at\/index.php?rest_route=\/wp\/v2\/pages\/1686\/revisions"}],"predecessor-version":[{"id":9302,"href":"https:\/\/ms-alkoven.at\/index.php?rest_route=\/wp\/v2\/pages\/1686\/revisions\/9302"}],"wp:attachment":[{"href":"https:\/\/ms-alkoven.at\/index.php?rest_route=%2Fwp%2Fv2%2Fmedia&parent=1686"}],"curies":[{"name":"wp","href":"https:\/\/api.w.org\/{rel}","templated":true}]}}