{"id":1578,"date":"2021-04-30T11:59:52","date_gmt":"2021-04-30T11:59:52","guid":{"rendered":"https:\/\/ms-alkoven.at\/?page_id=1578"},"modified":"2023-12-01T13:52:42","modified_gmt":"2023-12-01T13:52:42","slug":"laptops-ab-2021-22","status":"publish","type":"page","link":"https:\/\/ms-alkoven.at\/?page_id=1578","title":{"rendered":"Laptops f\u00fcr die Sch\u00fcler d. 1. Klasse"},"content":{"rendered":"<h2>Alle Sch\u00fcler d. 1. Klasse <br \/>bekommen ein Computer!<\/h2>\n<p>&nbsp;<\/p>\n<p style=\"padding-left: 40px;\"><strong>Welche Ger\u00e4te haben\/werden wir bekommen:<br \/><\/strong><\/p>\n<ul style=\"outline: 0px; margin-bottom: 0px; padding-left: 1.5em; color: #222c34; font-family: Roboto, Calibri, 'Open Sans', Arial, Helvetica, sans-serif; font-size: 15px; font-weight: 400; letter-spacing: normal;\">\n<li style=\"list-style-type: none;\">\u00a0<\/li>\n<li>\n<h3>Windows Notebook<\/h3>\n<div id=\"56028-3\" class=\"collapse in\" aria-labelledby=\"56028-3-toggle\" aria-expanded=\"true\">\n<div class=\"collapse-content overflow-hidden\">\n<ul>\n<li><strong>Lieferant<\/strong>: CANCOM a+d IT Solutions GmbH\n<ul>\n<li><strong>Serviceportal<\/strong>:\u00a0<a href=\"https:\/\/education.cancom.at\/schulnotebooks\/\" title=\"Link zum Serviceportal der Cancom\" target=\"_blank\" class=\"external\" rel=\"noopener\">www.education.cancom.at\/schulnotebooks\/<\/a><\/li>\n<li><strong>Garantiedauer<\/strong>: 4 Jahre (ab Erstauslieferung an die Schule)<\/li>\n<\/ul>\n<\/li>\n<li><strong>Ger\u00e4t<\/strong>:\u00a0Lenovo V14 G3 IAP &#8211; Vereinzelt wurde im Herbst 2022 auch noch das Lenovo Notebook TB 14 ausgeliefert.\n<ul>\n<li><strong>Technische Spezifikationen<\/strong>:\n<ul>\n<li>Abmessungen: 324.2 x 215.2 x 19.9 mm<\/li>\n<li>Displaygr\u00f6\u00dfe: 14 Zoll<\/li>\n<li>Bildschirmaufl\u00f6sung: 1920&#215;1080 Pixel<\/li>\n<li>CPU-Modell: i3-1215U, 12th Generation AlderLake<\/li>\n<li>Betriebssystem: Windows 11 Pro\u00a0(National Academic only)<\/li>\n<li>Arbeitsspeichertyp: DDR4 mit 8GB<\/li>\n<li>Speicherkapazit\u00e4t: 256 GB NVMe SSD<\/li>\n<li>Anschl\u00fcsse:\n<ul>\n<li>1x USB-A 2.0<\/li>\n<li>1x USB-A 3.2 Gen 1<\/li>\n<li>1x USB-C 3.2 Gen 1<\/li>\n<li>1x HDMI<\/li>\n<li>1x Ethernet (RJ-45)<\/li>\n<li>1x Kopfh\u00f6rer\/Mikrofon Kombo-Anschluss (3,5mm Klinke)<\/li>\n<li>1x Netzanschluss<\/li>\n<\/ul>\n<\/li>\n<li>Gesamtgewicht: 1.5 kg<\/li>\n<\/ul>\n<\/li>\n<\/ul>\n<\/li>\n<li><strong>Lieferumfang:\u00a0<\/strong>Notebook inkl. Netzteil und Kabel<\/li>\n<li><strong>Kosten des Ger\u00e4tes:\u00a0<\/strong>465,30 Euro\n<ul>\n<li>Privater Eigenanteil gem\u00e4\u00df \u00a7 5 Abs 2 SchulDigiG im Ausma\u00df von 25% der Ger\u00e4tekosten: 116,33 Euro<\/li>\n<\/ul>\n<\/li>\n<\/ul>\n<\/div>\n<\/div>\n<\/li>\n<\/ul>\n<p>&nbsp;<\/p>\n<p style=\"padding-left: 40px;\"><strong><a href=\"https:\/\/ms-alkoven.at\/wp-content\/uploads\/2021\/01\/elterinformation-fuer-1_und-2_klassen_digitale-endgeraete.pdf\" target=\"_blank\" rel=\"noopener\" style=\"color: #000000;\">&#8230;.zu weiteren Elterninfos&#8230;&#8230;<\/a><\/strong><br \/><a href=\"https:\/\/digitaleslernen.oead.at\/de\/fuer-eltern\/bezahlung-befreiung#c43867\" target=\"_blank\" rel=\"noopener\" style=\"color: #000000;\"><strong>&#8230;sehr wichtige Infos f\u00fcr die Eltern\u00a0<\/strong><strong> zum Thema Bezahlung u. Befreiung&#8230;.<\/strong><\/a><\/p>\n<div><strong>\u00a0 \u00a0 \u00a0 \u00a0 \u00a0 \u00a0 \u00a0Hilfestellung AVB-Best\u00e4tigung, Bezahlung, Befreiung: \u00a0\u00a0 \u00a0\u00a0 \u00a0\u00a0 \u00a0\u00a0 \u00a0 <\/strong><a _ngcontent-vvw-c27=\"\" href=\"https:\/\/digitaleslernen.oead.at\/hilfestellung\" target=\"_blank\" _msttexthash=\"1221506\" _msthash=\"14\" rel=\"noopener\">digitaleslernen.oead.at\/hilfestellung<\/a><\/div>\n<p>&nbsp;<\/p>\n<p style=\"padding-left: 40px;\"><a href=\"https:\/\/digitaleslernen.oead.at\/de\/\" target=\"_blank\" rel=\"noopener\" style=\"color: #000000;\"><\/a><strong><a href=\"https:\/\/digitaleslernen.oead.at\/de\/\" target=\"_blank\" rel=\"noopener\" style=\"color: #000000;\">&#8230;zu den Erkl\u00e4rvideos&#8230;<\/a><\/strong><\/p>\n<p style=\"padding-left: 40px;\">\u00a0<\/p>\n<p style=\"padding-left: 40px;\"><a href=\"https:\/\/ms-alkoven.at\/wp-content\/uploads\/2021\/01\/Elterninfopaket-Juni21.pdf\" style=\"color: #000000;\">&#8230;Infoblatt vom Ministerium Juni 21<\/a><br \/><a href=\"https:\/\/digitaleslernen.oead.at\/de\/faqs\/\" style=\"color: #000000;\">&#8230;Sammlung von FAQs &amp; Themen&#8230;<\/a><br \/><a href=\"https:\/\/ms-alkoven.at\/wp-content\/uploads\/2021\/01\/Elterninformation_Digitale_Schule.pdf\" style=\"color: #000000;\">&#8230;Infoblatt vom Ministerium&#8230;<\/a><\/p>\n<p style=\"padding-left: 40px;\">\u00a0\u00a0<strong><a href=\"https:\/\/digitaleslernen.talentify.at\/geraeteboerse\" target=\"_blank\" rel=\"noopener\" style=\"color: #000000;\"> &#8230;.zur Ger\u00e4teb\u00f6rse\u00a0 (wenn ich bei einem Schulwechsel meinen Computer austauschen m\u00f6chte)&#8230;<\/a><\/strong><br \/><strong><a href=\"https:\/\/lenovo.cancom.at\/schulnotebooks\/\" target=\"_blank\" rel=\"noopener\" style=\"color: #000000;\">&#8230; was ist, wenn mein Computer nicht mehr funktioniert&#8230;<\/a><\/strong><\/p>\n<p>&nbsp;<\/p>\n<p>&nbsp;<\/p>\n<h2>Warum digitale Endger\u00e4te?<\/h2>\n<p>Im Zuge von in den vergangenen Jahren durchgef\u00fchrten Projekten wurde das\u00a0<strong>p\u00e4dagogische Potential digitaler Endger\u00e4te<\/strong>\u00a0erprobt und im Rahmen wissenschaftlicher Begleituntersuchungen wurden\u00a0<strong>positive Effekte<\/strong>\u00a0in den Bereichen<\/p>\n<ul>\n<li>Kompetenzerwerb der Sch\u00fcler\/innen,<\/li>\n<li>Individualisierung des Lernprozesses,<\/li>\n<li>Erreichen der Lernziele und<\/li>\n<li>Unterrichtsgestaltung festgestellt.<\/li>\n<\/ul>\n<header>\n<h3>Wir veranstalten im Feber f\u00fcr alle Klassen einen WebChecker\u00a0 Workshop<\/h3>\n<\/header>\n<p>\u00a0Themen:<\/p>\n<ul>\n<li>Netiquette &#8211; Umgangsformen im Internet<\/li>\n<li>richtiges Reagieren auf unangenehme Situationen<\/li>\n<li>Selbstdarstellung und das Recht am eigenen Bild<\/li>\n<li>Faszination YouTube<\/li>\n<li>Was man darf, was nicht und was man glauben kann<br \/>Sicherheit im Internet<\/li>\n<li>Wem erz\u00e4hle ich was \u00fcber mich im Internet und wie sch\u00fctze ich meine Daten (Passw\u00f6rter)<\/li>\n<\/ul>\n<p>\u00a0<br \/><a href=\"https:\/\/ms-alkoven.at\/wp-content\/uploads\/2021\/01\/Verhaltensvereinbarung.docx\" target=\"_blank\" role=\"button\" rel=\"noopener\"><br \/>&#8230;zu der Verhaltensvereinbarung&#8230;<br \/><\/a><\/p>\n","protected":false},"excerpt":{"rendered":"<p>Alle Sch\u00fcler d. 1. Klasse bekommen ein Computer! &nbsp; Welche Ger\u00e4te haben\/werden wir bekommen: \u00a0 Windows Notebook Lieferant: CANCOM a+d &hellip; <\/p>\n","protected":false},"author":1,"featured_media":2198,"parent":0,"menu_order":0,"comment_status":"closed","ping_status":"closed","template":"elementor_header_footer","meta":{"footnotes":""},"class_list":["post-1578","page","type-page","status-publish","has-post-thumbnail","hentry"],"_links":{"self":[{"href":"https:\/\/ms-alkoven.at\/index.php?rest_route=\/wp\/v2\/pages\/1578","targetHints":{"allow":["GET"]}}],"collection":[{"href":"https:\/\/ms-alkoven.at\/index.php?rest_route=\/wp\/v2\/pages"}],"about":[{"href":"https:\/\/ms-alkoven.at\/index.php?rest_route=\/wp\/v2\/types\/page"}],"author":[{"embeddable":true,"href":"https:\/\/ms-alkoven.at\/index.php?rest_route=\/wp\/v2\/users\/1"}],"replies":[{"embeddable":true,"href":"https:\/\/ms-alkoven.at\/index.php?rest_route=%2Fwp%2Fv2%2Fcomments&post=1578"}],"version-history":[{"count":198,"href":"https:\/\/ms-alkoven.at\/index.php?rest_route=\/wp\/v2\/pages\/1578\/revisions"}],"predecessor-version":[{"id":6881,"href":"https:\/\/ms-alkoven.at\/index.php?rest_route=\/wp\/v2\/pages\/1578\/revisions\/6881"}],"wp:featuredmedia":[{"embeddable":true,"href":"https:\/\/ms-alkoven.at\/index.php?rest_route=\/wp\/v2\/media\/2198"}],"wp:attachment":[{"href":"https:\/\/ms-alkoven.at\/index.php?rest_route=%2Fwp%2Fv2%2Fmedia&parent=1578"}],"curies":[{"name":"wp","href":"https:\/\/api.w.org\/{rel}","templated":true}]}}