{"id":1342,"date":"2021-04-22T09:52:52","date_gmt":"2021-04-22T09:52:52","guid":{"rendered":"https:\/\/ms-alkoven.at\/?page_id=1342"},"modified":"2023-07-26T08:34:56","modified_gmt":"2023-07-26T08:34:56","slug":"ecdl","status":"publish","type":"page","link":"https:\/\/ms-alkoven.at\/?page_id=1342","title":{"rendered":"ECDL"},"content":{"rendered":"\t\t<div data-elementor-type=\"wp-page\" data-elementor-id=\"1342\" class=\"elementor elementor-1342\">\n\t\t\t\t\t\t<section class=\"elementor-section elementor-top-section elementor-element elementor-element-50b5e158 elementor-section-boxed elementor-section-height-default elementor-section-height-default\" data-id=\"50b5e158\" data-element_type=\"section\">\n\t\t\t\t\t\t<div class=\"elementor-container elementor-column-gap-default\">\n\t\t\t\t\t<div class=\"elementor-column elementor-col-100 elementor-top-column elementor-element elementor-element-58964eed\" data-id=\"58964eed\" data-element_type=\"column\">\n\t\t\t<div class=\"elementor-widget-wrap elementor-element-populated\">\n\t\t\t\t\t\t<div class=\"elementor-element elementor-element-48589ef4 elementor-widget elementor-widget-text-editor\" data-id=\"48589ef4\" data-element_type=\"widget\" data-widget_type=\"text-editor.default\">\n\t\t\t\t<div class=\"elementor-widget-container\">\n\t\t\t\t\t\t\t\t\t<p><\/p>\n<figure class=\"wp-block-image is-resized\"><img fetchpriority=\"high\" decoding=\"async\" class=\"alignnone\" src=\"https:\/\/cdn.pixabay.com\/photo\/2017\/11\/02\/10\/37\/binary-2910663__340.jpg\" alt=\"Binary, Binary Code, Binary System, Http\" width=\"710\" height=\"141\" \/><\/figure>\n<p><\/p>\n<p><\/p>\n<div class=\"wp-block-columns is-layout-flex wp-container-core-columns-is-layout-4 wp-block-columns-is-layout-flex\">\n<div class=\"wp-block-column is-layout-flow wp-block-column-is-layout-flow\">\n<p><span style=\"font-size: 18px;\"><strong>Computerf\u00fchrerschein ECDL<\/strong><\/span><\/p>\n<p>Unsere Schule bietet die M\u00f6glichkeit, im Rahmen des Informatik-Unterrichts das Zertifikat \u201e Europ\u00e4ischer Computerf\u00fchrerschein (ECDL)\u201c zu erlangen. Mit diesem weltweit anerkannten Zertifikat k\u00f6nnen die Kenntnisse grundlegender Fertigkeiten am Computer nachgewiesen werden.<\/p>\n<p>\u00a0<\/p>\n<p><span style=\"font-size: 18px;\"><strong>Allgemeine Infos zum ECDL<\/strong><\/span><br \/>Sch\u00fcler*innen k\u00f6nnen zwischen dem <strong>ECDL Profile in Education (4 Module) <\/strong>und dem <span style=\"color: #993300;\"><strong>ECDL Standard in Education <\/strong><\/span>(7 Module) w\u00e4hlen. Diese Zertifikate wurden speziell f\u00fcr die Anforderungen an junge Menschen in der Ausbildung entwickelt und bereiten sie bestens auf den Einstieg in das Berufsleben vor.<\/p>\n<p><span style=\"font-size: 16px;\"><strong><a href=\"https:\/\/at.sophiatesting.com\/candidate\/login.php\" target=\"_blank\" rel=\"noopener\">&#8230;. hier kannst du deine ECDL-Ergebnisse abfragen&#8230;&#8230;.bei Fragen bitte 0151202350 w\u00e4hlen&#8230;<\/a><\/strong><\/span><\/p>\n<p><a href=\"https:\/\/its.bitmedia.at\/edu\/ecdl\/kandidatin\/\">&#8230;ECDL\u00a0 Vorbereitungspr\u00fcfung und zur ECDL Pr\u00fcfung&#8230;<\/a><\/p>\n<p><span style=\"font-size: 16px;\"><a href=\"https:\/\/ms-alkoven.at\/wp-content\/uploads\/2021\/01\/ECDL-Pruefung_Anmeldung_Stand-Feb_14.docx\">&#8230;.hier kommst du zum ECDL Anmeldeformular&#8230;.<\/a><\/span><br \/><a href=\"https:\/\/edu.ecdl.at\/module-schule\"><\/a><\/p>\n<p><span style=\"font-size: 14px;\"><span style=\"color: #008080; font-size: 13px;\"><strong><a href=\"https:\/\/edu.ecdl.at\/module-schule\" style=\"color: #008080;\">&#8230;.hier bekommst du genaue Infos zu den ECDL Zertifikaten&#8230;<\/a><\/strong><\/span><br \/><span style=\"font-size: 12px;\"><a href=\"https:\/\/edu.ecdl.at\/termine-und-links\">&#8230;hier sind weitere ECDL-Infos abrufbar&#8230;<\/a><\/span><br \/><span style=\"font-size: 12px;\"><a href=\"https:\/\/edu.ecdl.at\/webinar-epos-202105\" data-rich-text-format-boundary=\"true\">&#8230;Fortbildung&#8230;<\/a><br \/><br \/><\/span><\/span><\/p>\n<p><\/p>\n<p><\/p>\n<p><\/p>\n<\/div>\n<p><\/p>\n<p><\/p>\n<div class=\"wp-block-column is-layout-flow wp-block-column-is-layout-flow\">\n<div class=\"wp-block-columns is-layout-flex wp-container-core-columns-is-layout-3 wp-block-columns-is-layout-flex\">\n<div class=\"wp-block-column is-layout-flow wp-block-column-is-layout-flow\" style=\"flex-basis: 100%;\">\n<pre class=\"wp-block-preformatted\" style=\"font-size: 12px;\">ECDL und Digitale Bildung\n<em>Digitale Bildung ist ein  Schl\u00fcsselfaktor f\u00fcr die Zukunft. Neben Lesen, Schreiben und Rechnen brauchen wir auch digitale Kompetenzen. Die Nutzung von Computern ist in unserer Wissensgesellschaft l\u00e4ngst zu einer Kulturtechnik geworden, deren Beherrschung absolut notwendig ist, um zahlreiche berufliche Herausforderungen erfolgreich meistern zu k\u00f6nnen. Ein entsprechender Nachweis  dieser Kulturtechnik wird daher  immer wichtiger. Der ECDL eignet sich dazu hervorragend.<\/em>\n\n\n<\/pre>\n<p><\/p>\n<p><\/p>\n<p><span style=\"font-size: 20px;\"><strong><a href=\"https:\/\/edu.ecdl.at\/module-schule\"><img decoding=\"async\" class=\"\" src=\"https:\/\/edu.ecdl.at\/themes\/custom\/themag_st\/logo_ecdl.svg\" alt=\"Home\" width=\"84\" height=\"35\" \/><\/a>\u00a0 \u00a0 Preise\u00a0\u00a0<\/strong><\/span><br \/>Im Schulbereich gelten besondere Konditionen f\u00fcr den ECDL. F\u00fcr Sch\u00fcler*innen kostet der Pr\u00fcfungspass &#8211; die ECDL Skills Card &#8211; nur 37 Euro. <strong><span style=\"color: #993300;\">Die einzelnen Modulpr\u00fcfungen kosten je 15 Euro.<\/span><\/strong><\/p>\n<p><\/p>\n<\/div>\n<p><\/p>\n<\/div>\n<p><\/p>\n<\/div>\n<p><\/p>\n<\/div>\n<p><\/p>\n<p><\/p>\n<div class=\"wp-block-image\">\n<figure class=\"aligncenter size-large is-resized\"><img decoding=\"async\" class=\"wp-image-1519\" src=\"https:\/\/ms-alkoven.at\/wp-content\/uploads\/2021\/04\/image-2.png\" alt=\"\" width=\"599\" height=\"808\" srcset=\"https:\/\/ms-alkoven.at\/wp-content\/uploads\/2021\/04\/image-2.png 456w, https:\/\/ms-alkoven.at\/wp-content\/uploads\/2021\/04\/image-2-222x300.png 222w\" sizes=\"(max-width: 599px) 100vw, 599px\" \/><\/figure>\n<\/div>\n<p><\/p>\n<p><\/p>\n<p><\/p>\n<p><\/p>\n<p><\/p>\n<p>\u00a0<\/p>\t\t\t\t\t\t\t\t<\/div>\n\t\t\t\t<\/div>\n\t\t\t\t\t<\/div>\n\t\t<\/div>\n\t\t\t\t\t<\/div>\n\t\t<\/section>\n\t\t\t\t<\/div>\n\t\t","protected":false},"excerpt":{"rendered":"<p>Computerf\u00fchrerschein ECDL Unsere Schule bietet die M\u00f6glichkeit, im Rahmen des Informatik-Unterrichts das Zertifikat \u201e Europ\u00e4ischer Computerf\u00fchrerschein (ECDL)\u201c zu erlangen. Mit &hellip; <\/p>\n","protected":false},"author":1,"featured_media":0,"parent":0,"menu_order":0,"comment_status":"closed","ping_status":"closed","template":"elementor_header_footer","meta":{"footnotes":""},"class_list":["post-1342","page","type-page","status-publish","hentry"],"_links":{"self":[{"href":"https:\/\/ms-alkoven.at\/index.php?rest_route=\/wp\/v2\/pages\/1342","targetHints":{"allow":["GET"]}}],"collection":[{"href":"https:\/\/ms-alkoven.at\/index.php?rest_route=\/wp\/v2\/pages"}],"about":[{"href":"https:\/\/ms-alkoven.at\/index.php?rest_route=\/wp\/v2\/types\/page"}],"author":[{"embeddable":true,"href":"https:\/\/ms-alkoven.at\/index.php?rest_route=\/wp\/v2\/users\/1"}],"replies":[{"embeddable":true,"href":"https:\/\/ms-alkoven.at\/index.php?rest_route=%2Fwp%2Fv2%2Fcomments&post=1342"}],"version-history":[{"count":81,"href":"https:\/\/ms-alkoven.at\/index.php?rest_route=\/wp\/v2\/pages\/1342\/revisions"}],"predecessor-version":[{"id":6235,"href":"https:\/\/ms-alkoven.at\/index.php?rest_route=\/wp\/v2\/pages\/1342\/revisions\/6235"}],"wp:attachment":[{"href":"https:\/\/ms-alkoven.at\/index.php?rest_route=%2Fwp%2Fv2%2Fmedia&parent=1342"}],"curies":[{"name":"wp","href":"https:\/\/api.w.org\/{rel}","templated":true}]}}