{"id":1128,"date":"2021-04-16T19:37:39","date_gmt":"2021-04-16T19:37:39","guid":{"rendered":"https:\/\/ms-alkoven.at\/?page_id=1128"},"modified":"2021-12-05T19:49:12","modified_gmt":"2021-12-05T19:49:12","slug":"schulutensilien","status":"publish","type":"page","link":"https:\/\/ms-alkoven.at\/?page_id=1128","title":{"rendered":"Schulutensilien"},"content":{"rendered":"<p><\/p>\r\n<p>HTML clipboard<\/p>\r\n<p><\/p>\r\n<p>.<a href=\"https:\/\/ms-alkoven.at\/wp-content\/uploads\/2021\/01\/Schulutensilien.docx\">&#8230;zu den Schulutensilien als Word-Dokument&#8230;<\/a><\/p>\r\n<p><\/p>\r\n<div class=\"wp-block-group\"><div class=\"wp-block-group__inner-container\">\r\n<div class=\"wp-block-group__inner-container is-layout-flow wp-block-group-is-layout-flow\">\r\n<div class=\"wp-block-group\">\r\n<div class=\"wp-block-group__inner-container is-layout-flow wp-block-group-is-layout-flow\">\r\n<table width=\"100%\">\r\n<tbody>\r\n<tr>\r\n<td width=\"28%\">\r\n<h6><span style=\"font-size: 15px;\"><strong><span style=\"color: #800000;\">Unterrichtsfach<\/span><\/strong><\/span><\/h6>\r\n<\/td>\r\n<td width=\"72%\">\r\n<h6><span style=\"font-size: 15px; color: #800000;\"><strong>Utensilien<\/strong><\/span><\/h6>\r\n<\/td>\r\n<\/tr>\r\n<tr>\r\n<td width=\"28%\"><span style=\"font-size: 15px;\"><strong>Religion rk od. ev.AB<\/strong><\/span><\/td>\r\n<td width=\"72%\"><span style=\"font-size: 15px;\"><strong>1 gro\u00dfes liniertes Heft &#8211; 40 Blatt &#8211; mit\u00a0 Umschlag<\/strong><\/span><\/td>\r\n<\/tr>\r\n<tr>\r\n<td style=\"text-align: left;\" width=\"28%\"><span style=\"font-size: 15px;\"><strong>Deutsch<\/strong><\/span><\/td>\r\n<td width=\"72%\">\r\n<p>&nbsp;<\/p>\r\n<p><span style=\"font-size: 15px;\"><strong>2 gro\u00dfe linierte Hefte<\/strong><\/span><br \/><span style=\"font-size: 15px;\"><strong>3 gro\u00dfe linierte Hefte mit Korrekturrand<\/strong><\/span><br \/><span style=\"font-size: 15px;\"><strong>1 Heftbox<\/strong><\/span><br \/><span style=\"font-size: 15px;\"><strong>1 gr. Schreibblock (liniert)<\/strong><\/span><br \/><span style=\"font-size: 15px;\"><strong>1 Schnellhefter<\/strong><\/span><\/p>\r\n<p>&nbsp;<\/p>\r\n<\/td>\r\n<\/tr>\r\n<tr>\r\n<td width=\"28%\"><span style=\"font-size: 15px;\"><strong><strong>Englisch<\/strong><\/strong><\/span><\/td>\r\n<td width=\"72%\">\r\n<p><span style=\"font-size: 15px;\"><strong>4 gro\u00dfe linierte Hefte mit Umschlag4 Schnellhefter aus Plastik in rot, gelb, gr\u00fcn und wei\u00df<\/strong><\/span><\/p>\r\n<\/td>\r\n<\/tr>\r\n<tr>\r\n<td width=\"28%\"><span style=\"font-size: 15px;\"><strong>Geschichte<\/strong><\/span><br \/><span style=\"font-size: 15px;\"><strong>nur 2., 3. und 4. Klasse<\/strong><\/span><\/td>\r\n<td width=\"72%\">\r\n<p><span style=\"font-size: 15px;\"><strong>1 gro\u00dfes liniertes Heft mit Umschlag<\/strong><\/span><\/p>\r\n<p>&nbsp;<\/p>\r\n<\/td>\r\n<\/tr>\r\n<tr>\r\n<td width=\"28%\">\r\n<p><span style=\"font-size: 15px;\"><strong>Geografie<\/strong><\/span><\/p>\r\n<\/td>\r\n<td width=\"72%\">\r\n<p><span style=\"font-size: 15px;\"><strong>1 gro\u00dfes liniertes Heft mit Umschlag<br \/><\/strong><\/span><\/p>\r\n<\/td>\r\n<\/tr>\r\n<tr>\r\n<td width=\"28%\"><span style=\"font-size: 15px;\"><strong>Mathematik<\/strong><\/span><\/td>\r\n<td width=\"72%\">\r\n<p><span style=\"font-size: 15px;\"><strong>5 d\u00fcnne gro\u00dfe karierte Hefte mit Umschlag<\/strong><\/span><\/p>\r\n<\/td>\r\n<\/tr>\r\n<tr>\r\n<td width=\"28%\"><span style=\"font-size: 15px;\"><strong>Biologie u. Umweltkunde<\/strong><\/span><\/td>\r\n<td width=\"72%\">\r\n<p><span style=\"font-size: 15px;\"><strong>1 gro\u00dfes liniertes Heft mit Umschlag<\/strong><\/span><\/p>\r\n<\/td>\r\n<\/tr>\r\n<tr>\r\n<td width=\"28%\">\r\n<p><span style=\"font-size: 15px;\"><strong>Physik<\/strong><\/span><\/p>\r\n<\/td>\r\n<td width=\"72%\">\r\n<p><span style=\"font-size: 15px;\"><strong>1. Klasse: 1 gro\u00dfes kariertes Heft mit Umschlag<\/strong><\/span><br \/><span style=\"font-size: 15px;\"><strong>2. Klasse: 1 gro\u00dfes kariertes Heft mit Umschlag<\/strong><\/span><br \/><span style=\"font-size: 15px;\"><strong>3. Klasse: Mappe (Schnellhefter)<\/strong><\/span><br \/><span style=\"font-size: 15px;\"><strong>4. Klasse: &#8212;&#8212;&#8212;&#8212;&#8212;<\/strong><\/span><\/p>\r\n<\/td>\r\n<\/tr>\r\n<tr>\r\n<td width=\"28%\"><span style=\"font-size: 15px;\"><strong>Musikerziehung<\/strong><\/span><\/td>\r\n<td width=\"72%\">\r\n<p>&nbsp;<\/p>\r\n<p><span style=\"font-size: 15px;\"><strong>f\u00fcr 1. und 2. Klassen: <\/strong><\/span><br \/><span style=\"font-size: 15px;\"><strong>1 Notenheft A5, Ausf\u00fchrung egal und 1 gro\u00dfes liniertes Heft mit Umschlag<br \/><\/strong><\/span><span style=\"font-size: 15px;\"><strong>f\u00fcr 3. und 4. Klassen:<\/strong><\/span><br \/><span style=\"font-size: 15px;\"><strong>1 gro\u00dfes liniertes Heft mit Umschlag<\/strong><\/span><\/p>\r\n<p>&nbsp;<\/p>\r\n<\/td>\r\n<\/tr>\r\n<tr>\r\n<td width=\"28%\">\r\n<p><span style=\"font-size: 15px;\"><strong>Bildn. Erziehung<\/strong><\/span><\/p>\r\n<p>&nbsp;<\/p>\r\n<\/td>\r\n<td width=\"72%\">\r\n<p><span style=\"font-size: 15px;\"><strong>1 gro\u00dfer Zeichenblock A3<\/strong><\/span><br \/><span style=\"font-size: 15px;\"><strong>A3 Mappe f\u00fcr Zeichnungen<\/strong><\/span><br \/><span style=\"font-size: 15px;\"><strong>1 kleiner Zeichenblock A4<\/strong><\/span><br \/><span style=\"font-size: 15px;\"><strong>1 Wasserbecher<\/strong><\/span><br \/><span style=\"font-size: 15px;\"><strong>1 Wasserfarben<\/strong><\/span><br \/><span style=\"font-size: 15px;\"><strong>1 Malfetzerl<\/strong><\/span><br \/><span style=\"font-size: 15px;\"><strong>verschiedene Pinsel<\/strong><\/span><br \/><span style=\"font-size: 15px;\"><strong>1 Schuhschachtel<\/strong><\/span><br \/><span style=\"font-size: 15px;\"><strong>buntes Tonpapier A3<\/strong><\/span><br \/><span style=\"font-size: 15px;\"><strong>\u00d6lkreiden<\/strong><\/span><br \/><span style=\"font-size: 15px;\"><strong>Farbstifte und Filzstifte<\/strong><\/span><br \/><span style=\"font-size: 15px;\"><strong>1 gr. Ringmappe + 10 Klarsichtsh\u00fcllen<\/strong><\/span><\/p>\r\n<p>&nbsp;<\/p>\r\n<\/td>\r\n<\/tr>\r\n<tr>\r\n<td width=\"28%\"><span style=\"font-size: 15px;\"><strong>Werkunterricht<br \/><\/strong><strong style=\"font-family: inherit;\">(f\u00fcr Knaben und M\u00e4dchen)<\/strong><\/span>\r\n<p>&nbsp;<\/p>\r\n<\/td>\r\n<td width=\"72%\">\r\n<p><span style=\"font-size: 15px;\"><strong>1 Schuhschachtel<\/strong><\/span><br \/><span style=\"font-size: 15px;\"><strong>Schleifpapier Nr. 80, Nr. 100 und Nr. 120<\/strong><\/span><br \/><span style=\"font-size: 15px;\"><strong>Laubs\u00e4gebl\u00e4tter f\u00fcr Holz <\/strong><\/span><br \/><span style=\"font-size: 15px;\"><strong>1 gro\u00dfes Heft<\/strong><\/span><\/p>\r\n<p>&nbsp;<\/p>\r\n<\/td>\r\n<\/tr>\r\n<tr>\r\n<td width=\"28%\"><span style=\"font-size: 15px;\"><strong>Ern\u00e4hrung und Haushalt<\/strong><\/span><br \/><span style=\"font-size: 15px;\"><strong><strong>nur 3.Klasse<\/strong><\/strong><\/span><\/td>\r\n<td width=\"72%\">\r\n<p><span style=\"font-size: 15px;\"><strong>Kochsch\u00fcrze (wei\u00df), Kochhaube, 1 Paar Topflappen<\/strong><\/span><br \/><span style=\"font-size: 15px;\"><strong>1 gro\u00dfe Ringmappe, 40 Klarsichth\u00fcllen,<\/strong><\/span><\/p>\r\n<\/td>\r\n<\/tr>\r\n<tr>\r\n<td width=\"28%\"><span style=\"font-size: 15px;\"><strong>Sportunterricht<\/strong><\/span><\/td>\r\n<td width=\"72%\">\r\n<p><span style=\"font-size: 15px;\"><strong>Turnschuhe und\u00a0 Turnbekleidung, Turnsackerl<\/strong><\/span><\/p>\r\n<\/td>\r\n<\/tr>\r\n<tr>\r\n<td width=\"28%\">\r\n<p><span style=\"font-size: 15px;\"><strong>Maschinschreiben; <\/strong><\/span><br \/><span style=\"font-size: 15px;\"><b>wird als Freigegenstand gef\u00fchr<\/b><\/span><\/p>\r\n<\/td>\r\n<td width=\"72%\">\r\n<p><span style=\"font-size: 15px;\"><strong>1 Schnellhefter<\/strong><\/span><br \/><span style=\"font-size: 15px;\"><strong>10 Klarsichth\u00fcllen<\/strong><\/span><\/p>\r\n<\/td>\r\n<\/tr>\r\n<tr>\r\n<td width=\"28%\">\r\n<p><span style=\"font-size: 15px;\"><strong>Berufsorientierung<\/strong><\/span><br \/><span style=\"font-size: 15px;\"><strong><strong>f\u00fcr 3. Klassen<\/strong><\/strong><\/span><\/p>\r\n<p>&nbsp;<\/p>\r\n<\/td>\r\n<td width=\"72%\">\r\n<p><span style=\"font-size: 15px;\"><strong>1 Schnellhefter mit 10 Klarsichth\u00fcllen u. linierte Einlagebl\u00e4tter<\/strong><\/span><\/p>\r\n<p>&nbsp;<\/p>\r\n<\/td>\r\n<\/tr>\r\n<tr>\r\n<td width=\"28%\">\r\n<p><span style=\"font-size: 15px;\"><strong>Bilingualer Unterricht<\/strong><\/span><br \/><span style=\"font-size: 15px;\"><strong><strong>nur 3. und 4. Klasse<\/strong><\/strong><\/span><\/p>\r\n<\/td>\r\n<td width=\"72%\">\r\n<p><span style=\"font-size: 15px;\"><strong>1 Schnellhefter und 10 Einlegebl\u00e4tter<\/strong><\/span><\/p>\r\n<\/td>\r\n<\/tr>\r\n<tr>\r\n<td width=\"28%\">\r\n<p><span style=\"font-size: 15px;\"><strong><strong>Sonstiges<\/strong><\/strong><\/span><\/p>\r\n<\/td>\r\n<td width=\"72%\">\r\n<p><span style=\"font-size: 15px;\"><strong>Schere, Kleber, Geodreieck, Zirkel, Bleistifte, F\u00fcllfeder<\/strong><\/span><\/p>\r\n<\/td>\r\n<\/tr>\r\n<\/tbody>\r\n<\/table>\r\n<p><\/p>\r\n<\/div>\r\n<\/div>\r\n<p><\/p>\r\n<\/div>\r\n<\/div><\/div>\r\n<p><\/p>","protected":false},"excerpt":{"rendered":"<p>HTML clipboard .&#8230;zu den Schulutensilien als Word-Dokument&#8230; Unterrichtsfach Utensilien Religion rk od. ev.AB 1 gro\u00dfes liniertes Heft &#8211; 40 Blatt &hellip; <\/p>\n","protected":false},"author":1,"featured_media":0,"parent":0,"menu_order":0,"comment_status":"closed","ping_status":"closed","template":"elementor_header_footer","meta":{"footnotes":""},"class_list":["post-1128","page","type-page","status-publish","hentry"],"_links":{"self":[{"href":"https:\/\/ms-alkoven.at\/index.php?rest_route=\/wp\/v2\/pages\/1128","targetHints":{"allow":["GET"]}}],"collection":[{"href":"https:\/\/ms-alkoven.at\/index.php?rest_route=\/wp\/v2\/pages"}],"about":[{"href":"https:\/\/ms-alkoven.at\/index.php?rest_route=\/wp\/v2\/types\/page"}],"author":[{"embeddable":true,"href":"https:\/\/ms-alkoven.at\/index.php?rest_route=\/wp\/v2\/users\/1"}],"replies":[{"embeddable":true,"href":"https:\/\/ms-alkoven.at\/index.php?rest_route=%2Fwp%2Fv2%2Fcomments&post=1128"}],"version-history":[{"count":45,"href":"https:\/\/ms-alkoven.at\/index.php?rest_route=\/wp\/v2\/pages\/1128\/revisions"}],"predecessor-version":[{"id":2146,"href":"https:\/\/ms-alkoven.at\/index.php?rest_route=\/wp\/v2\/pages\/1128\/revisions\/2146"}],"wp:attachment":[{"href":"https:\/\/ms-alkoven.at\/index.php?rest_route=%2Fwp%2Fv2%2Fmedia&parent=1128"}],"curies":[{"name":"wp","href":"https:\/\/api.w.org\/{rel}","templated":true}]}}